{"id":18802,"date":"2024-03-19T22:32:20","date_gmt":"2024-03-19T21:32:20","guid":{"rendered":"https:\/\/lacanterarural.com\/?page_id=18802"},"modified":"2024-03-19T22:33:45","modified_gmt":"2024-03-19T21:33:45","slug":"massatges","status":"publish","type":"page","link":"https:\/\/lacanterarural.com\/ca\/massatges\/","title":{"rendered":"Massatges"},"content":{"rendered":"<div class=\"wpb-content-wrapper\"><p>[vc_row css_animation=&#8221;&#8221; row_type=&#8221;row&#8221; use_row_as_full_screen_section=&#8221;no&#8221; type=&#8221;grid&#8221; angled_section=&#8221;no&#8221; text_align=&#8221;center&#8221; background_image_as_pattern=&#8221;without_pattern&#8221; row_negative_margin=&#8221;disable_negative_margin&#8221; padding_top=&#8221;0&#8243; padding_bottom=&#8221;0&#8243; background_color=&#8221;#ffffff&#8221; z_index=&#8221;&#8221;][vc_column width=&#8221;5\/6&#8243; css=&#8221;.vc_custom_1710516711499{margin-top: 100px !important;padding-right: 0px !important;padding-left: 0px !important;}&#8221; offset=&#8221;vc_col-lg-offset-2 vc_col-lg-8 vc_col-md-offset-1 vc_col-md-10 vc_col-sm-offset-1 vc_col-xs-12&#8243;][vc_column_text]<\/p>\n<h2>Descobreix els nostres massatges tailandesos<\/h2>\n<p>[\/vc_column_text][vc_empty_space height=&#8221;16px&#8221;][vc_column_text]<\/p>\n<h3>Mentre estiguis allotjat a l&#8217;allotjament, podr\u00e0s gaudir d&#8217;aquests massatges i sumar al teu benestar i salut.<\/h3>\n<p>[\/vc_column_text][\/vc_column][\/vc_row][vc_row css_animation=&#8221;&#8221; row_type=&#8221;row&#8221; use_row_as_full_screen_section=&#8221;no&#8221; type=&#8221;grid&#8221; angled_section=&#8221;no&#8221; text_align=&#8221;center&#8221; background_image_as_pattern=&#8221;without_pattern&#8221; row_negative_margin=&#8221;disable_negative_margin&#8221; padding_top=&#8221;0&#8243; padding_bottom=&#8221;0&#8243; background_color=&#8221;#ffffff&#8221; z_index=&#8221;&#8221;][vc_column css=&#8221;.vc_custom_1710516380590{margin-bottom: 50px !important;padding-right: 0px !important;padding-left: 0px !important;}&#8221;][vc_empty_space][vc_gallery interval=&#8221;3&#8243; images=&#8221;18806,18809,18821&#8243; img_size=&#8221;1200&#215;800&#8243;][\/vc_column][\/vc_row][vc_row css_animation=&#8221;&#8221; row_type=&#8221;row&#8221; use_row_as_full_screen_section=&#8221;no&#8221; type=&#8221;grid&#8221; angled_section=&#8221;no&#8221; text_align=&#8221;left&#8221; background_image_as_pattern=&#8221;without_pattern&#8221; padding_top=&#8221;0&#8243; padding_bottom=&#8221;0&#8243; background_color=&#8221;#ffffff&#8221; z_index=&#8221;&#8221;][vc_column width=&#8221;1\/2&#8243;]<div class=\"custom_font_holder\" style=\"font-family: 'NexaBold', sans-serif;; font-size: 28px; line-height: 32px; font-style: normal; font-weight: 700; color: #000000; text-decoration: none; text-align: left;\"><strong>MASSATGE TAILAND\u00c8S DESCONTRACTURANT<\/strong><\/div>[vc_empty_space height=&#8221;16px&#8221;][vc_column_text]<\/p>\n<h4><strong>Massatge descontracturant de 70 minuts.<\/strong><\/h4>\n<p>[\/vc_column_text][vc_empty_space][vc_column_text]<\/p>\n<h4>Ideal per alleujar les contractures provocades per la tensi\u00f3 muscular molt indicat per eliminar l&#8217;estr\u00e8s, harmonitzar el cos, sentir-se b\u00e9 i recuperar l&#8217;equilibri vital.<\/h4>\n<p>[\/vc_column_text][vc_empty_space height=&#8221;72px&#8221;][\/vc_column][vc_column width=&#8221;1\/2&#8243;]<div class=\"custom_font_holder\" style=\"font-family: 'NexaBold', sans-serif;; font-size: 28px; line-height: 32px; font-style: normal; font-weight: 700; color: #000000; text-decoration: none; text-align: left;\"><strong>MASSATGE TAILAND\u00c8S RELAXANT<\/strong><\/div>[vc_empty_space height=&#8221;16px&#8221;][vc_column_text]<\/p>\n<h4><strong>Massatge relaxant de 70 minuts.<\/strong><\/h4>\n<p>[\/vc_column_text][vc_empty_space][vc_column_text]<\/p>\n<h4>Innovador massatge d&#8217;alta gamma, un ritual de bellesa que no et pots perdre.<\/h4>\n<p>[\/vc_column_text][vc_empty_space height=&#8221;16px&#8221;][vc_column_text]<\/p>\n<h4>T&#8217;ajudar\u00e0 a eliminar les tensions del teu cos provocades per l&#8217;estr\u00e8s de la vida di\u00e0ria, aporta lluminositat, \u00e9s desintoxicant amb efecte antiedat, equilibra i repara la pell.<\/h4>\n<p>[\/vc_column_text][vc_empty_space height=&#8221;72px&#8221;][\/vc_column][\/vc_row][vc_row css_animation=&#8221;&#8221; row_type=&#8221;row&#8221; use_row_as_full_screen_section=&#8221;no&#8221; type=&#8221;full_width&#8221; angled_section=&#8221;no&#8221; text_align=&#8221;left&#8221; background_image_as_pattern=&#8221;without_pattern&#8221; css=&#8221;.vc_custom_1707394214404{margin-top: 50px !important;margin-bottom: 30px !important;padding-top: 0px !important;padding-bottom: 0px !important;background-color: #000000 !important;background-position: center !important;background-repeat: no-repeat !important;background-size: cover !important;}&#8221; z_index=&#8221;&#8221; padding_top=&#8221;0&#8243; padding_bottom=&#8221;0&#8243; background_color=&#8221;#efefef&#8221;][vc_column width=&#8221;1\/2&#8243; css=&#8221;.vc_custom_1681802756114{margin-top: 0px !important;margin-right: 0px !important;margin-bottom: 0px !important;margin-left: 0px !important;padding-top: 0px !important;padding-right: 0px !important;padding-bottom: 0px !important;padding-left: 0px !important;background-color: #ffffff !important;}&#8221;]<div class=\"qode-advanced-image-gallery  qode-aig-carousel-type qode-no-space   \">\n\t<div class=\"qode-aig-slider qode-owl-slider\" data-number-of-items=\"1\" data-enable-loop=\"yes\" data-enable-autoplay=\"yes\" data-slider-speed=\"5000\" data-slider-speed-animation=\"600\" data-slider-padding=\"no\" data-enable-navigation=\"yes\" data-enable-pagination=\"no\">\n\t\t\t\t\t<div class=\"qode-aig-image\">\n\t\t\t\t\t\t\t\t\t<img loading=\"lazy\" decoding=\"async\" width=\"438\" height=\"299\" src=\"https:\/\/lacanterarural.com\/wp-content\/uploads\/2024\/02\/Foto-Massatge-Pindas.jpg\" class=\"attachment-large size-large\" alt=\"\" srcset=\"https:\/\/lacanterarural.com\/wp-content\/uploads\/2024\/02\/Foto-Massatge-Pindas.jpg 438w, https:\/\/lacanterarural.com\/wp-content\/uploads\/2024\/02\/Foto-Massatge-Pindas-300x205.jpg 300w\" sizes=\"(max-width: 438px) 100vw, 438px\" \/>\t\t\t\t\t<span class=\"aig-gallery-hover\">\n\t\t\t\t\t\t\t\t\t\t\t<\/span>\n\t\t\t\t\t\t\t<\/div>\n\t\t\t\t\t<div class=\"qode-aig-image\">\n\t\t\t\t\t\t\t\t\t<img loading=\"lazy\" decoding=\"async\" width=\"1024\" height=\"586\" src=\"https:\/\/lacanterarural.com\/wp-content\/uploads\/2024\/02\/Massatge-1024x586.jpg\" class=\"attachment-large size-large\" alt=\"\" srcset=\"https:\/\/lacanterarural.com\/wp-content\/uploads\/2024\/02\/Massatge-1024x586.jpg 1024w, https:\/\/lacanterarural.com\/wp-content\/uploads\/2024\/02\/Massatge-300x172.jpg 300w, https:\/\/lacanterarural.com\/wp-content\/uploads\/2024\/02\/Massatge-768x439.jpg 768w, https:\/\/lacanterarural.com\/wp-content\/uploads\/2024\/02\/Massatge-1536x879.jpg 1536w, https:\/\/lacanterarural.com\/wp-content\/uploads\/2024\/02\/Massatge-345x198.jpg 345w, https:\/\/lacanterarural.com\/wp-content\/uploads\/2024\/02\/Massatge-700x401.jpg 700w, https:\/\/lacanterarural.com\/wp-content\/uploads\/2024\/02\/Massatge.jpg 1870w\" sizes=\"(max-width: 1024px) 100vw, 1024px\" \/>\t\t\t\t\t<span class=\"aig-gallery-hover\">\n\t\t\t\t\t\t\t\t\t\t\t<\/span>\n\t\t\t\t\t\t\t<\/div>\n\t\t\t\t\t<div class=\"qode-aig-image\">\n\t\t\t\t\t\t\t\t\t<img loading=\"lazy\" decoding=\"async\" width=\"1024\" height=\"576\" src=\"https:\/\/lacanterarural.com\/wp-content\/uploads\/2024\/02\/Foto-Massatge-copia-1024x576.jpg\" class=\"attachment-large size-large\" alt=\"\" srcset=\"https:\/\/lacanterarural.com\/wp-content\/uploads\/2024\/02\/Foto-Massatge-copia-1024x576.jpg 1024w, https:\/\/lacanterarural.com\/wp-content\/uploads\/2024\/02\/Foto-Massatge-copia-300x169.jpg 300w, https:\/\/lacanterarural.com\/wp-content\/uploads\/2024\/02\/Foto-Massatge-copia-768x432.jpg 768w, https:\/\/lacanterarural.com\/wp-content\/uploads\/2024\/02\/Foto-Massatge-copia-1536x864.jpg 1536w, https:\/\/lacanterarural.com\/wp-content\/uploads\/2024\/02\/Foto-Massatge-copia-2048x1152.jpg 2048w, https:\/\/lacanterarural.com\/wp-content\/uploads\/2024\/02\/Foto-Massatge-copia-700x394.jpg 700w, https:\/\/lacanterarural.com\/wp-content\/uploads\/2024\/02\/Foto-Massatge-copia-539x303.jpg 539w\" sizes=\"(max-width: 1024px) 100vw, 1024px\" \/>\t\t\t\t\t<span class=\"aig-gallery-hover\">\n\t\t\t\t\t\t\t\t\t\t\t<\/span>\n\t\t\t\t\t\t\t<\/div>\n\t\t\t<\/div>\n<\/div>[\/vc_column][vc_column width=&#8221;1\/2&#8243; css=&#8221;.vc_custom_1681802709284{padding-top: 80px !important;padding-right: 80px !important;padding-bottom: 80px !important;padding-left: 80px !important;}&#8221;]<div class=\"custom_font_holder\" style=\"font-family: 'NexaLight', sans-serif;; font-size: 28px; line-height: 25px; font-style: normal; font-weight: 600; color: #ffffff; text-decoration: none; text-align: left;\">Resum experi\u00e8ncia:<\/div>[vc_empty_space][vc_column_text]<\/p>\n<h4><span style=\"color: #ffffff;\">El massatge tailand\u00e8s t\u00e9 m\u00e9s de 2.500 anys. El seu objectiu \u00e9s harmonitzar i estimular tota l&#8217;energia del cos i assegurar-li un fluir \u00f2ptim i accedir a les parts m\u00e9s profundes del cos.<br \/>\nIdeal per relaxar-se, alleujar dolors provocats per contractures o tensi\u00f3 muscular i molt indicat per treure l&#8217;estr\u00e8s i harmonitzar el cos, sentir-se b\u00e9 i recuperar l&#8217;equilibri vital.<\/span><\/h4>\n<p>[\/vc_column_text][vc_empty_space height=&#8221;16px&#8221;][vc_column_text]<\/p>\n<h4><span style=\"color: #ffffff;\">Un complement excel\u00b7lent al massatge s\u00f3n les Pindes que es componen d&#8217;una preparaci\u00f3 natural d&#8217;herbes arom\u00e0tiques i medicinals que s&#8217;emboliquen en una tela en forma de bossa i s&#8217;escalfen al vapor per potenciar-ne les propietats calmants, hidratants i desintoxicants.<\/span><\/h4>\n<p>[\/vc_column_text][\/vc_column][\/vc_row][vc_row css_animation=&#8221;&#8221; row_type=&#8221;row&#8221; use_row_as_full_screen_section=&#8221;no&#8221; type=&#8221;grid&#8221; angled_section=&#8221;no&#8221; text_align=&#8221;center&#8221; background_image_as_pattern=&#8221;without_pattern&#8221; padding_top=&#8221;0&#8243; padding_bottom=&#8221;0&#8243; background_color=&#8221;#ffffff&#8221; z_index=&#8221;&#8221;][vc_column css=&#8221;.vc_custom_1584829002351{margin-top: 100px !important;margin-bottom: 50px !important;}&#8221; offset=&#8221;vc_hidden-xs&#8221;][vc_column_text]<\/p>\n<h2 style=\"text-align: center;\">T\u2019apeteix desconnectar?<\/h2>\n<p>[\/vc_column_text][\/vc_column][\/vc_row][vc_row css_animation=&#8221;&#8221; row_type=&#8221;row&#8221; use_row_as_full_screen_section=&#8221;no&#8221; type=&#8221;grid&#8221; angled_section=&#8221;no&#8221; text_align=&#8221;center&#8221; background_image_as_pattern=&#8221;without_pattern&#8221; padding_top=&#8221;0&#8243; padding_bottom=&#8221;0&#8243; background_color=&#8221;#ffffff&#8221; css=&#8221;.vc_custom_1584828954943{background-image: url(https:\/\/lacanterarural.com\/wp-content\/uploads\/2020\/03\/la-cantera-gold-background.jpg?id=16410) !important;}&#8221; z_index=&#8221;&#8221; el_id=&#8221;reserves-desktop-2&#8243;][vc_column offset=&#8221;vc_hidden-xs&#8221; css=&#8221;.vc_custom_1584828973748{padding-top: 50px !important;padding-bottom: 50px !important;}&#8221;][vc_column_text]<iframe style=\"width: 650px; height: 390px; border: 0;\" src=\"https:\/\/www.avaibook.com\/widgets_propietarios\/loader.php?id=59852&amp;lang=CA\" frameborder=\"0\">Tu navegador no soporta iframes<\/iframe><\/p>\n<div style=\"width: 650px; margin: auto;\"><\/div>\n<p>[\/vc_column_text][\/vc_column][\/vc_row][vc_row css_animation=&#8221;&#8221; row_type=&#8221;row&#8221; use_row_as_full_screen_section=&#8221;no&#8221; type=&#8221;grid&#8221; angled_section=&#8221;no&#8221; text_align=&#8221;center&#8221; background_image_as_pattern=&#8221;without_pattern&#8221; padding_top=&#8221;0&#8243; padding_bottom=&#8221;0&#8243; background_color=&#8221;#ffffff&#8221; z_index=&#8221;&#8221; el_id=&#8221;reserves-mobile-1&#8243;][vc_column css=&#8221;.vc_custom_1584829456030{margin-top: 50px !important;margin-bottom: 50px !important;}&#8221; offset=&#8221;vc_hidden-lg vc_hidden-md vc_hidden-sm&#8221;][vc_column_text]<\/p>\n<h2 style=\"text-align: center;\">\u00bfTe apetece desconectar?<\/h2>\n<p>[\/vc_column_text][\/vc_column][\/vc_row][vc_row css_animation=&#8221;&#8221; row_type=&#8221;row&#8221; use_row_as_full_screen_section=&#8221;no&#8221; type=&#8221;grid&#8221; angled_section=&#8221;no&#8221; text_align=&#8221;center&#8221; background_image_as_pattern=&#8221;without_pattern&#8221; padding_top=&#8221;0&#8243; padding_bottom=&#8221;0&#8243; background_color=&#8221;#ffffff&#8221; css=&#8221;.vc_custom_1584829071313{background-image: url(https:\/\/lacanterarural.com\/wp-content\/uploads\/2020\/03\/la-cantera-gold-background.jpg?id=16410) !important;}&#8221; z_index=&#8221;&#8221; el_id=&#8221;reserves-mobile-2&#8243;][vc_column offset=&#8221;vc_hidden-lg vc_hidden-md vc_hidden-sm&#8221; css=&#8221;.vc_custom_1584829477836{padding-top: 50px !important;padding-bottom: 50px !important;}&#8221;][vc_column_text]<iframe style=\"width: 300px; height: 355px; border: 0;\" src=\"https:\/\/www.avaibook.com\/widgets_propietarios\/loader.php?id=59852&amp;lang=CA&amp;tipo=2&amp;subtipo=2\" frameborder=\"0\">Tu navegador no soporta iframes<\/iframe><\/p>\n<div style=\"width: 300px; margin: auto;\"><\/div>\n<p>[\/vc_column_text][\/vc_column][\/vc_row]<\/p>\n<\/div>","protected":false},"excerpt":{"rendered":"<p>[vc_row css_animation=&#8221;&#8221; row_type=&#8221;row&#8221; use_row_as_full_screen_section=&#8221;no&#8221; type=&#8221;grid&#8221; angled_section=&#8221;no&#8221; text_align=&#8221;center&#8221; background_image_as_pattern=&#8221;without_pattern&#8221; row_negative_margin=&#8221;disable_negative_margin&#8221; padding_top=&#8221;0&#8243; padding_bottom=&#8221;0&#8243; background_color=&#8221;#ffffff&#8221; z_index=&#8221;&#8221;][vc_column width=&#8221;5\/6&#8243; css=&#8221;.vc_custom_1710516711499{margin-top: 100px !important;padding-right: 0px !important;padding-left: 0px !important;}&#8221; offset=&#8221;vc_col-lg-offset-2 vc_col-lg-8 vc_col-md-offset-1 vc_col-md-10 vc_col-sm-offset-1 vc_col-xs-12&#8243;][vc_column_text] Descobreix els nostres massatges tailandesos [\/vc_column_text][vc_empty_space height=&#8221;16px&#8221;][vc_column_text] Mentre estiguis allotjat a l&#8217;allotjament, podr\u00e0s gaudir d&#8217;aquests massatges i sumar&#8230;<\/p>\n","protected":false},"author":2,"featured_media":18822,"parent":0,"menu_order":0,"comment_status":"closed","ping_status":"closed","template":"full_width.php","meta":{"footnotes":""},"yoast_head":"<!-- This site is optimized with the Yoast SEO plugin v21.5 - https:\/\/yoast.com\/wordpress\/plugins\/seo\/ -->\n<title>Massatges - La Cantera Rural Spa<\/title>\n<meta name=\"robots\" content=\"index, follow, max-snippet:-1, max-image-preview:large, max-video-preview:-1\" \/>\n<link rel=\"canonical\" href=\"https:\/\/lacanterarural.com\/ca\/massatges\/\" \/>\n<meta property=\"og:locale\" content=\"ca_ES\" \/>\n<meta property=\"og:type\" content=\"article\" \/>\n<meta property=\"og:title\" content=\"Massatges - La Cantera Rural Spa\" \/>\n<meta property=\"og:description\" content=\"[vc_row css_animation=&#8221;&#8221; row_type=&#8221;row&#8221; use_row_as_full_screen_section=&#8221;no&#8221; type=&#8221;grid&#8221; angled_section=&#8221;no&#8221; text_align=&#8221;center&#8221; background_image_as_pattern=&#8221;without_pattern&#8221; row_negative_margin=&#8221;disable_negative_margin&#8221; padding_top=&#8221;0&#8243; padding_bottom=&#8221;0&#8243; background_color=&#8221;#ffffff&#8221; z_index=&#8221;&#8221;][vc_column width=&#8221;5\/6&#8243; css=&#8221;.vc_custom_1710516711499{margin-top: 100px !important;padding-right: 0px !important;padding-left: 0px !important;}&#8221; offset=&#8221;vc_col-lg-offset-2 vc_col-lg-8 vc_col-md-offset-1 vc_col-md-10 vc_col-sm-offset-1 vc_col-xs-12&#8243;][vc_column_text] Descobreix els nostres massatges tailandesos [\/vc_column_text][vc_empty_space height=&#8221;16px&#8221;][vc_column_text] Mentre estiguis allotjat a l&#8217;allotjament, podr\u00e0s gaudir d&#8217;aquests massatges i sumar...\" \/>\n<meta property=\"og:url\" content=\"https:\/\/lacanterarural.com\/ca\/massatges\/\" \/>\n<meta property=\"og:site_name\" content=\"La Cantera Rural Spa\" \/>\n<meta property=\"article:publisher\" content=\"https:\/\/www.facebook.com\/lacanteraruralspa\/?modal=admin_todo_tour\" \/>\n<meta property=\"article:modified_time\" content=\"2024-03-19T21:33:45+00:00\" \/>\n<meta property=\"og:image\" content=\"https:\/\/lacanterarural.com\/wp-content\/uploads\/2024\/02\/Massatge.jpg\" \/>\n\t<meta property=\"og:image:width\" content=\"1870\" \/>\n\t<meta property=\"og:image:height\" content=\"1070\" \/>\n\t<meta property=\"og:image:type\" content=\"image\/jpeg\" \/>\n<meta name=\"twitter:card\" content=\"summary_large_image\" \/>\n<meta name=\"twitter:label1\" content=\"Temps estimat de lectura\" \/>\n\t<meta name=\"twitter:data1\" content=\"3 minuts\" \/>\n<script type=\"application\/ld+json\" class=\"yoast-schema-graph\">{\"@context\":\"https:\/\/schema.org\",\"@graph\":[{\"@type\":\"WebPage\",\"@id\":\"https:\/\/lacanterarural.com\/ca\/massatges\/\",\"url\":\"https:\/\/lacanterarural.com\/ca\/massatges\/\",\"name\":\"Massatges - La Cantera Rural Spa\",\"isPartOf\":{\"@id\":\"https:\/\/lacanterarural.com\/ca\/#website\"},\"datePublished\":\"2024-03-19T21:32:20+00:00\",\"dateModified\":\"2024-03-19T21:33:45+00:00\",\"breadcrumb\":{\"@id\":\"https:\/\/lacanterarural.com\/ca\/massatges\/#breadcrumb\"},\"inLanguage\":\"ca\",\"potentialAction\":[{\"@type\":\"ReadAction\",\"target\":[\"https:\/\/lacanterarural.com\/ca\/massatges\/\"]}]},{\"@type\":\"BreadcrumbList\",\"@id\":\"https:\/\/lacanterarural.com\/ca\/massatges\/#breadcrumb\",\"itemListElement\":[{\"@type\":\"ListItem\",\"position\":1,\"name\":\"Portada\",\"item\":\"https:\/\/lacanterarural.com\/ca\/\"},{\"@type\":\"ListItem\",\"position\":2,\"name\":\"Massatges\"}]},{\"@type\":\"WebSite\",\"@id\":\"https:\/\/lacanterarural.com\/ca\/#website\",\"url\":\"https:\/\/lacanterarural.com\/ca\/\",\"name\":\"La Cantera Rural\",\"description\":\"Un sitio para volver\",\"publisher\":{\"@id\":\"https:\/\/lacanterarural.com\/ca\/#organization\"},\"potentialAction\":[{\"@type\":\"SearchAction\",\"target\":{\"@type\":\"EntryPoint\",\"urlTemplate\":\"https:\/\/lacanterarural.com\/ca\/?s={search_term_string}\"},\"query-input\":\"required name=search_term_string\"}],\"inLanguage\":\"ca\"},{\"@type\":\"Organization\",\"@id\":\"https:\/\/lacanterarural.com\/ca\/#organization\",\"name\":\"La Cantera Rural\",\"url\":\"https:\/\/lacanterarural.com\/ca\/\",\"logo\":{\"@type\":\"ImageObject\",\"inLanguage\":\"ca\",\"@id\":\"https:\/\/lacanterarural.com\/ca\/#\/schema\/logo\/image\/\",\"url\":\"https:\/\/lacanterarural.com\/wp-content\/uploads\/2020\/04\/LA-CANTERA-perfil-xarxes-blanc.jpg\",\"contentUrl\":\"https:\/\/lacanterarural.com\/wp-content\/uploads\/2020\/04\/LA-CANTERA-perfil-xarxes-blanc.jpg\",\"width\":1182,\"height\":1182,\"caption\":\"La Cantera Rural\"},\"image\":{\"@id\":\"https:\/\/lacanterarural.com\/ca\/#\/schema\/logo\/image\/\"},\"sameAs\":[\"https:\/\/www.facebook.com\/lacanteraruralspa\/?modal=admin_todo_tour\",\"https:\/\/www.instagram.com\/chaletlacantera\/\",\"https:\/\/www.youtube.com\/watch?v=QWRaNGQ5LD4\"]}]}<\/script>\n<!-- \/ Yoast SEO plugin. -->","yoast_head_json":{"title":"Massatges - La Cantera Rural Spa","robots":{"index":"index","follow":"follow","max-snippet":"max-snippet:-1","max-image-preview":"max-image-preview:large","max-video-preview":"max-video-preview:-1"},"canonical":"https:\/\/lacanterarural.com\/ca\/massatges\/","og_locale":"ca_ES","og_type":"article","og_title":"Massatges - La Cantera Rural Spa","og_description":"[vc_row css_animation=&#8221;&#8221; row_type=&#8221;row&#8221; use_row_as_full_screen_section=&#8221;no&#8221; type=&#8221;grid&#8221; angled_section=&#8221;no&#8221; text_align=&#8221;center&#8221; background_image_as_pattern=&#8221;without_pattern&#8221; row_negative_margin=&#8221;disable_negative_margin&#8221; padding_top=&#8221;0&#8243; padding_bottom=&#8221;0&#8243; background_color=&#8221;#ffffff&#8221; z_index=&#8221;&#8221;][vc_column width=&#8221;5\/6&#8243; css=&#8221;.vc_custom_1710516711499{margin-top: 100px !important;padding-right: 0px !important;padding-left: 0px !important;}&#8221; offset=&#8221;vc_col-lg-offset-2 vc_col-lg-8 vc_col-md-offset-1 vc_col-md-10 vc_col-sm-offset-1 vc_col-xs-12&#8243;][vc_column_text] Descobreix els nostres massatges tailandesos [\/vc_column_text][vc_empty_space height=&#8221;16px&#8221;][vc_column_text] Mentre estiguis allotjat a l&#8217;allotjament, podr\u00e0s gaudir d&#8217;aquests massatges i sumar...","og_url":"https:\/\/lacanterarural.com\/ca\/massatges\/","og_site_name":"La Cantera Rural Spa","article_publisher":"https:\/\/www.facebook.com\/lacanteraruralspa\/?modal=admin_todo_tour","article_modified_time":"2024-03-19T21:33:45+00:00","og_image":[{"width":1870,"height":1070,"url":"https:\/\/lacanterarural.com\/wp-content\/uploads\/2024\/02\/Massatge.jpg","type":"image\/jpeg"}],"twitter_card":"summary_large_image","twitter_misc":{"Temps estimat de lectura":"3 minuts"},"schema":{"@context":"https:\/\/schema.org","@graph":[{"@type":"WebPage","@id":"https:\/\/lacanterarural.com\/ca\/massatges\/","url":"https:\/\/lacanterarural.com\/ca\/massatges\/","name":"Massatges - La Cantera Rural Spa","isPartOf":{"@id":"https:\/\/lacanterarural.com\/ca\/#website"},"datePublished":"2024-03-19T21:32:20+00:00","dateModified":"2024-03-19T21:33:45+00:00","breadcrumb":{"@id":"https:\/\/lacanterarural.com\/ca\/massatges\/#breadcrumb"},"inLanguage":"ca","potentialAction":[{"@type":"ReadAction","target":["https:\/\/lacanterarural.com\/ca\/massatges\/"]}]},{"@type":"BreadcrumbList","@id":"https:\/\/lacanterarural.com\/ca\/massatges\/#breadcrumb","itemListElement":[{"@type":"ListItem","position":1,"name":"Portada","item":"https:\/\/lacanterarural.com\/ca\/"},{"@type":"ListItem","position":2,"name":"Massatges"}]},{"@type":"WebSite","@id":"https:\/\/lacanterarural.com\/ca\/#website","url":"https:\/\/lacanterarural.com\/ca\/","name":"La Cantera Rural","description":"Un sitio para volver","publisher":{"@id":"https:\/\/lacanterarural.com\/ca\/#organization"},"potentialAction":[{"@type":"SearchAction","target":{"@type":"EntryPoint","urlTemplate":"https:\/\/lacanterarural.com\/ca\/?s={search_term_string}"},"query-input":"required name=search_term_string"}],"inLanguage":"ca"},{"@type":"Organization","@id":"https:\/\/lacanterarural.com\/ca\/#organization","name":"La Cantera Rural","url":"https:\/\/lacanterarural.com\/ca\/","logo":{"@type":"ImageObject","inLanguage":"ca","@id":"https:\/\/lacanterarural.com\/ca\/#\/schema\/logo\/image\/","url":"https:\/\/lacanterarural.com\/wp-content\/uploads\/2020\/04\/LA-CANTERA-perfil-xarxes-blanc.jpg","contentUrl":"https:\/\/lacanterarural.com\/wp-content\/uploads\/2020\/04\/LA-CANTERA-perfil-xarxes-blanc.jpg","width":1182,"height":1182,"caption":"La Cantera Rural"},"image":{"@id":"https:\/\/lacanterarural.com\/ca\/#\/schema\/logo\/image\/"},"sameAs":["https:\/\/www.facebook.com\/lacanteraruralspa\/?modal=admin_todo_tour","https:\/\/www.instagram.com\/chaletlacantera\/","https:\/\/www.youtube.com\/watch?v=QWRaNGQ5LD4"]}]}},"_links":{"self":[{"href":"https:\/\/lacanterarural.com\/ca\/wp-json\/wp\/v2\/pages\/18802"}],"collection":[{"href":"https:\/\/lacanterarural.com\/ca\/wp-json\/wp\/v2\/pages"}],"about":[{"href":"https:\/\/lacanterarural.com\/ca\/wp-json\/wp\/v2\/types\/page"}],"author":[{"embeddable":true,"href":"https:\/\/lacanterarural.com\/ca\/wp-json\/wp\/v2\/users\/2"}],"replies":[{"embeddable":true,"href":"https:\/\/lacanterarural.com\/ca\/wp-json\/wp\/v2\/comments?post=18802"}],"version-history":[{"count":3,"href":"https:\/\/lacanterarural.com\/ca\/wp-json\/wp\/v2\/pages\/18802\/revisions"}],"predecessor-version":[{"id":18889,"href":"https:\/\/lacanterarural.com\/ca\/wp-json\/wp\/v2\/pages\/18802\/revisions\/18889"}],"wp:featuredmedia":[{"embeddable":true,"href":"https:\/\/lacanterarural.com\/ca\/wp-json\/wp\/v2\/media\/18822"}],"wp:attachment":[{"href":"https:\/\/lacanterarural.com\/ca\/wp-json\/wp\/v2\/media?parent=18802"}],"curies":[{"name":"wp","href":"https:\/\/api.w.org\/{rel}","templated":true}]}}