{"id":18516,"date":"2022-03-03T16:12:36","date_gmt":"2022-03-03T15:12:36","guid":{"rendered":"https:\/\/lacanterarural.com\/?page_id=18516"},"modified":"2022-03-04T14:22:57","modified_gmt":"2022-03-04T13:22:57","slug":"carregador-cotxe-electric","status":"publish","type":"page","link":"https:\/\/lacanterarural.com\/ca\/carregador-cotxe-electric\/","title":{"rendered":"Carregador per a cotxe el\u00e8ctric"},"content":{"rendered":"<div class=\"wpb-content-wrapper\"><p>[vc_row css_animation=&#8221;&#8221; row_type=&#8221;row&#8221; use_row_as_full_screen_section=&#8221;no&#8221; type=&#8221;grid&#8221; angled_section=&#8221;no&#8221; text_align=&#8221;center&#8221; background_image_as_pattern=&#8221;without_pattern&#8221; padding_top=&#8221;58&#8243; padding_bottom=&#8221;0&#8243; background_color=&#8221;#ffffff&#8221; z_index=&#8221;&#8221;][vc_column][vc_column_text]<\/p>\n<h2 style=\"text-align: center;\">Turisme Rural Sostenible<\/h2>\n<p>[\/vc_column_text][\/vc_column][\/vc_row][vc_row css_animation=&#8221;&#8221; row_type=&#8221;row&#8221; use_row_as_full_screen_section=&#8221;no&#8221; type=&#8221;grid&#8221; angled_section=&#8221;no&#8221; text_align=&#8221;center&#8221; background_image_as_pattern=&#8221;without_pattern&#8221; padding_top=&#8221;0&#8243; padding_bottom=&#8221;0&#8243; background_color=&#8221;#ffffff&#8221; z_index=&#8221;&#8221; css=&#8221;.vc_custom_1584705525211{margin-top: 30px !important;}&#8221;][vc_column][vc_column_text]<\/p>\n<h3 class=\"p1\"><b>RESPECTANT EL MEDI AMBIENT<\/b><\/h3>\n<p>[\/vc_column_text][vc_empty_space height=&#8221;25&#8243;][vc_single_image image=&#8221;16485&#8243; img_size=&#8221;full&#8221; alignment=&#8221;center&#8221; qode_css_animation=&#8221;&#8221;][vc_empty_space][\/vc_column][\/vc_row][vc_row css_animation=&#8221;&#8221; row_type=&#8221;row&#8221; use_row_as_full_screen_section=&#8221;no&#8221; type=&#8221;grid&#8221; angled_section=&#8221;no&#8221; text_align=&#8221;center&#8221; background_image_as_pattern=&#8221;without_pattern&#8221; padding_top=&#8221;58&#8243; padding_bottom=&#8221;0&#8243; background_color=&#8221;#ffffff&#8221; z_index=&#8221;&#8221;][vc_column][vc_column_text]<\/p>\n<p class=\"p1\">Els nostres visitants tenen a disposici\u00f3 el carregador el\u00e8ctric, on poden fer la c\u00e0rrega del cotxe mentre gaudeixen tranquil\u00b7lament de l&#8217;allotjament La Cantera Rural Spa.<\/p>\n<p>\u2022<\/p>\n<p class=\"p1\">Actualment, disposem d&#8217;un element imprescindible per a aquells usuaris que viatgen amb cotxe el\u00e8ctric i amb aix\u00f2 \u00e9s un gran pas endavant per tenir molt present l&#8217;allotjament i fer de La Cantera Rural Spa una planificaci\u00f3 de parada, dur a terme i recordar les teves excursions i activitats.<\/p>\n<p>\u2022<\/p>\n<p class=\"p1\">Mentre gaudeixes de les instal\u00b7lacions de La Cantera Rural Spa pots carregar el teu cotxe de manera sostenible.<\/p>\n<p>\u2022<\/p>\n<p class=\"p1\">El carregador est\u00e0 situat al p\u00e0rquing a l&#8217;interior de l&#8217;allotjament, on es pot utilitzar les 24 hores del dia.<\/p>\n<p>\u2022<\/p>\n<p class=\"p1\">Seguim avan\u00e7ant amb la innovaci\u00f3 i pensant en el bon descans i tots els millors serveis pels nostres hostes.<\/p>\n<p class=\"p1\">Gaudiu-ho!<\/p>\n<p>[\/vc_column_text][vc_empty_space height=&#8221;64px&#8221;][vc_gallery type=&#8221;image_grid&#8221; images=&#8221;18526,18520,18523&#8243; img_size=&#8221;large&#8221; column_number=&#8221;3&#8243; grayscale=&#8221;no&#8221; images_space=&#8221;gallery_with_space&#8221;][\/vc_column][\/vc_row][vc_row css_animation=&#8221;&#8221; row_type=&#8221;row&#8221; use_row_as_full_screen_section=&#8221;no&#8221; type=&#8221;grid&#8221; angled_section=&#8221;no&#8221; text_align=&#8221;center&#8221; background_image_as_pattern=&#8221;without_pattern&#8221; padding_top=&#8221;0&#8243; padding_bottom=&#8221;0&#8243; background_color=&#8221;#ffffff&#8221; z_index=&#8221;&#8221; el_id=&#8221;reserves-desktop-1&#8243; css=&#8221;.vc_custom_1646379872924{margin-top: 80px !important;}&#8221;][vc_column css=&#8221;.vc_custom_1584829002351{margin-top: 100px !important;margin-bottom: 50px !important;}&#8221; offset=&#8221;vc_hidden-xs&#8221;][vc_column_text]<\/p>\n<h2 style=\"text-align: center;\">T&#8217;apeteix desconnectar?<\/h2>\n<p>[\/vc_column_text][\/vc_column][\/vc_row][vc_row css_animation=&#8221;&#8221; row_type=&#8221;row&#8221; use_row_as_full_screen_section=&#8221;no&#8221; type=&#8221;grid&#8221; angled_section=&#8221;no&#8221; text_align=&#8221;center&#8221; background_image_as_pattern=&#8221;without_pattern&#8221; padding_top=&#8221;0&#8243; padding_bottom=&#8221;0&#8243; background_color=&#8221;#ffffff&#8221; css=&#8221;.vc_custom_1584828954943{background-image: url(https:\/\/lacanterarural.com\/wp-content\/uploads\/2020\/03\/la-cantera-gold-background.jpg?id=16410) !important;}&#8221; z_index=&#8221;&#8221; el_id=&#8221;reserves-desktop-2&#8243;][vc_column offset=&#8221;vc_hidden-xs&#8221; css=&#8221;.vc_custom_1584828973748{padding-top: 50px !important;padding-bottom: 50px !important;}&#8221;][vc_column_text]<iframe style=\"width: 650px; height: 390px; border: 0;\" src=\"https:\/\/www.avaibook.com\/widgets_propietarios\/loader.php?id=59852&amp;lang=CA\" frameborder=\"0\">Tu navegador no soporta iframes<\/iframe><\/p>\n<div style=\"width: 650px; margin: auto;\"><\/div>\n<p>[\/vc_column_text][\/vc_column][\/vc_row][vc_row css_animation=&#8221;&#8221; row_type=&#8221;row&#8221; use_row_as_full_screen_section=&#8221;no&#8221; type=&#8221;grid&#8221; angled_section=&#8221;no&#8221; text_align=&#8221;center&#8221; background_image_as_pattern=&#8221;without_pattern&#8221; padding_top=&#8221;0&#8243; padding_bottom=&#8221;0&#8243; background_color=&#8221;#ffffff&#8221; z_index=&#8221;&#8221; el_id=&#8221;reserves-mobile-1&#8243;][vc_column css=&#8221;.vc_custom_1584829456030{margin-top: 50px !important;margin-bottom: 50px !important;}&#8221; offset=&#8221;vc_hidden-lg vc_hidden-md vc_hidden-sm&#8221;][vc_column_text]<\/p>\n<h2 style=\"text-align: center;\">T&#8217;apeteix desconnectar?<\/h2>\n<p>[\/vc_column_text][\/vc_column][\/vc_row][vc_row css_animation=&#8221;&#8221; row_type=&#8221;row&#8221; use_row_as_full_screen_section=&#8221;no&#8221; type=&#8221;grid&#8221; angled_section=&#8221;no&#8221; text_align=&#8221;center&#8221; background_image_as_pattern=&#8221;without_pattern&#8221; padding_top=&#8221;0&#8243; padding_bottom=&#8221;0&#8243; background_color=&#8221;#ffffff&#8221; css=&#8221;.vc_custom_1584829071313{background-image: url(https:\/\/lacanterarural.com\/wp-content\/uploads\/2020\/03\/la-cantera-gold-background.jpg?id=16410) !important;}&#8221; z_index=&#8221;&#8221; el_id=&#8221;reserves-mobile-2&#8243;][vc_column offset=&#8221;vc_hidden-lg vc_hidden-md vc_hidden-sm&#8221; css=&#8221;.vc_custom_1584829477836{padding-top: 50px !important;padding-bottom: 50px !important;}&#8221;][vc_column_text]<iframe style=\"width: 300px; height: 355px; border: 0;\" src=\"https:\/\/www.avaibook.com\/widgets_propietarios\/loader.php?id=59852&amp;lang=CA&amp;tipo=2&amp;subtipo=2\" frameborder=\"0\">Tu navegador no soporta iframes<\/iframe><\/p>\n<div style=\"width: 300px; margin: auto;\"><\/div>\n<p>[\/vc_column_text][\/vc_column][\/vc_row]<\/p>\n<\/div>","protected":false},"excerpt":{"rendered":"<p>[vc_row css_animation=&#8221;&#8221; row_type=&#8221;row&#8221; use_row_as_full_screen_section=&#8221;no&#8221; type=&#8221;grid&#8221; angled_section=&#8221;no&#8221; text_align=&#8221;center&#8221; background_image_as_pattern=&#8221;without_pattern&#8221; padding_top=&#8221;58&#8243; padding_bottom=&#8221;0&#8243; background_color=&#8221;#ffffff&#8221; z_index=&#8221;&#8221;][vc_column][vc_column_text] Turisme Rural Sostenible [\/vc_column_text][\/vc_column][\/vc_row][vc_row css_animation=&#8221;&#8221; row_type=&#8221;row&#8221; use_row_as_full_screen_section=&#8221;no&#8221; type=&#8221;grid&#8221; angled_section=&#8221;no&#8221; text_align=&#8221;center&#8221; background_image_as_pattern=&#8221;without_pattern&#8221; padding_top=&#8221;0&#8243; padding_bottom=&#8221;0&#8243; background_color=&#8221;#ffffff&#8221; z_index=&#8221;&#8221; css=&#8221;.vc_custom_1584705525211{margin-top: 30px !important;}&#8221;][vc_column][vc_column_text] RESPECTANT EL MEDI AMBIENT [\/vc_column_text][vc_empty_space height=&#8221;25&#8243;][vc_single_image image=&#8221;16485&#8243; img_size=&#8221;full&#8221; alignment=&#8221;center&#8221; qode_css_animation=&#8221;&#8221;][vc_empty_space][\/vc_column][\/vc_row][vc_row css_animation=&#8221;&#8221; row_type=&#8221;row&#8221; use_row_as_full_screen_section=&#8221;no&#8221; type=&#8221;grid&#8221; angled_section=&#8221;no&#8221;&#8230;<\/p>\n","protected":false},"author":2,"featured_media":0,"parent":0,"menu_order":0,"comment_status":"closed","ping_status":"closed","template":"full_width.php","meta":{"footnotes":""},"yoast_head":"<!-- This site is optimized with the Yoast SEO plugin v21.5 - https:\/\/yoast.com\/wordpress\/plugins\/seo\/ -->\n<title>Casa rural amb carregador el\u00e8ctric per a cotxe - La Cantera Rural Spa<\/title>\n<meta name=\"description\" content=\"Els nostres visitants tenen a disposici\u00f3 el carregador el\u00e8ctric, on poden fer la c\u00e0rrega del cotxe mentre gaudeixen tranquil\u00b7lament de l&#039;allotjament La Cantera Rural Spa.\" \/>\n<meta name=\"robots\" content=\"index, follow, max-snippet:-1, max-image-preview:large, max-video-preview:-1\" \/>\n<link rel=\"canonical\" href=\"https:\/\/lacanterarural.com\/ca\/carregador-cotxe-electric\/\" \/>\n<meta property=\"og:locale\" content=\"ca_ES\" \/>\n<meta property=\"og:type\" content=\"article\" \/>\n<meta property=\"og:title\" content=\"La Cantera Rural Spa disposa de carregador el\u00e8ctric per a cotxe\" \/>\n<meta property=\"og:description\" content=\"Els nostres visitants tenen a disposici\u00f3 el carregador el\u00e8ctric, on poden fer la c\u00e0rrega del cotxe mentre gaudeixen tranquil\u00b7lament de l&#039;allotjament La Cantera Rural Spa.\" \/>\n<meta property=\"og:url\" content=\"https:\/\/lacanterarural.com\/ca\/carregador-cotxe-electric\/\" \/>\n<meta property=\"og:site_name\" content=\"La Cantera Rural Spa\" \/>\n<meta property=\"article:publisher\" content=\"https:\/\/www.facebook.com\/lacanteraruralspa\/?modal=admin_todo_tour\" \/>\n<meta property=\"article:modified_time\" content=\"2022-03-04T13:22:57+00:00\" \/>\n<meta property=\"og:image\" content=\"https:\/\/lacanterarural.com\/wp-content\/uploads\/2022\/03\/Post-cargador-ele\u0300ctric-1.jpeg\" \/>\n\t<meta property=\"og:image:width\" content=\"1200\" \/>\n\t<meta property=\"og:image:height\" content=\"628\" \/>\n\t<meta property=\"og:image:type\" content=\"image\/jpeg\" \/>\n<meta name=\"twitter:card\" content=\"summary_large_image\" \/>\n<meta name=\"twitter:title\" content=\"La Cantera Rural Spa disposa de carregador el\u00e8ctric per a cotxe\" \/>\n<meta name=\"twitter:description\" content=\"Els nostres visitants tenen a disposici\u00f3 el carregador el\u00e8ctric, on poden fer la c\u00e0rrega del cotxe mentre gaudeixen tranquil\u00b7lament de l&#039;allotjament La Cantera Rural Spa.\" \/>\n<meta name=\"twitter:image\" content=\"https:\/\/lacanterarural.com\/wp-content\/uploads\/2022\/03\/Post-cargador-ele\u0300ctric-1.jpeg\" \/>\n<meta name=\"twitter:label1\" content=\"Temps estimat de lectura\" \/>\n\t<meta name=\"twitter:data1\" content=\"2 minuts\" \/>\n<script type=\"application\/ld+json\" class=\"yoast-schema-graph\">{\"@context\":\"https:\/\/schema.org\",\"@graph\":[{\"@type\":\"WebPage\",\"@id\":\"https:\/\/lacanterarural.com\/ca\/carregador-cotxe-electric\/\",\"url\":\"https:\/\/lacanterarural.com\/ca\/carregador-cotxe-electric\/\",\"name\":\"Casa rural amb carregador el\u00e8ctric per a cotxe - La Cantera Rural Spa\",\"isPartOf\":{\"@id\":\"https:\/\/lacanterarural.com\/ca\/#website\"},\"datePublished\":\"2022-03-03T15:12:36+00:00\",\"dateModified\":\"2022-03-04T13:22:57+00:00\",\"description\":\"Els nostres visitants tenen a disposici\u00f3 el carregador el\u00e8ctric, on poden fer la c\u00e0rrega del cotxe mentre gaudeixen tranquil\u00b7lament de l'allotjament La Cantera Rural Spa.\",\"breadcrumb\":{\"@id\":\"https:\/\/lacanterarural.com\/ca\/carregador-cotxe-electric\/#breadcrumb\"},\"inLanguage\":\"ca\",\"potentialAction\":[{\"@type\":\"ReadAction\",\"target\":[\"https:\/\/lacanterarural.com\/ca\/carregador-cotxe-electric\/\"]}]},{\"@type\":\"BreadcrumbList\",\"@id\":\"https:\/\/lacanterarural.com\/ca\/carregador-cotxe-electric\/#breadcrumb\",\"itemListElement\":[{\"@type\":\"ListItem\",\"position\":1,\"name\":\"Portada\",\"item\":\"https:\/\/lacanterarural.com\/ca\/\"},{\"@type\":\"ListItem\",\"position\":2,\"name\":\"Carregador per a cotxe el\u00e8ctric\"}]},{\"@type\":\"WebSite\",\"@id\":\"https:\/\/lacanterarural.com\/ca\/#website\",\"url\":\"https:\/\/lacanterarural.com\/ca\/\",\"name\":\"La Cantera Rural\",\"description\":\"Un sitio para volver\",\"publisher\":{\"@id\":\"https:\/\/lacanterarural.com\/ca\/#organization\"},\"potentialAction\":[{\"@type\":\"SearchAction\",\"target\":{\"@type\":\"EntryPoint\",\"urlTemplate\":\"https:\/\/lacanterarural.com\/ca\/?s={search_term_string}\"},\"query-input\":\"required name=search_term_string\"}],\"inLanguage\":\"ca\"},{\"@type\":\"Organization\",\"@id\":\"https:\/\/lacanterarural.com\/ca\/#organization\",\"name\":\"La Cantera Rural\",\"url\":\"https:\/\/lacanterarural.com\/ca\/\",\"logo\":{\"@type\":\"ImageObject\",\"inLanguage\":\"ca\",\"@id\":\"https:\/\/lacanterarural.com\/ca\/#\/schema\/logo\/image\/\",\"url\":\"https:\/\/lacanterarural.com\/wp-content\/uploads\/2020\/04\/LA-CANTERA-perfil-xarxes-blanc.jpg\",\"contentUrl\":\"https:\/\/lacanterarural.com\/wp-content\/uploads\/2020\/04\/LA-CANTERA-perfil-xarxes-blanc.jpg\",\"width\":1182,\"height\":1182,\"caption\":\"La Cantera Rural\"},\"image\":{\"@id\":\"https:\/\/lacanterarural.com\/ca\/#\/schema\/logo\/image\/\"},\"sameAs\":[\"https:\/\/www.facebook.com\/lacanteraruralspa\/?modal=admin_todo_tour\",\"https:\/\/www.instagram.com\/chaletlacantera\/\",\"https:\/\/www.youtube.com\/watch?v=QWRaNGQ5LD4\"]}]}<\/script>\n<!-- \/ Yoast SEO plugin. -->","yoast_head_json":{"title":"Casa rural amb carregador el\u00e8ctric per a cotxe - La Cantera Rural Spa","description":"Els nostres visitants tenen a disposici\u00f3 el carregador el\u00e8ctric, on poden fer la c\u00e0rrega del cotxe mentre gaudeixen tranquil\u00b7lament de l'allotjament La Cantera Rural Spa.","robots":{"index":"index","follow":"follow","max-snippet":"max-snippet:-1","max-image-preview":"max-image-preview:large","max-video-preview":"max-video-preview:-1"},"canonical":"https:\/\/lacanterarural.com\/ca\/carregador-cotxe-electric\/","og_locale":"ca_ES","og_type":"article","og_title":"La Cantera Rural Spa disposa de carregador el\u00e8ctric per a cotxe","og_description":"Els nostres visitants tenen a disposici\u00f3 el carregador el\u00e8ctric, on poden fer la c\u00e0rrega del cotxe mentre gaudeixen tranquil\u00b7lament de l'allotjament La Cantera Rural Spa.","og_url":"https:\/\/lacanterarural.com\/ca\/carregador-cotxe-electric\/","og_site_name":"La Cantera Rural Spa","article_publisher":"https:\/\/www.facebook.com\/lacanteraruralspa\/?modal=admin_todo_tour","article_modified_time":"2022-03-04T13:22:57+00:00","og_image":[{"width":1200,"height":628,"url":"https:\/\/lacanterarural.com\/wp-content\/uploads\/2022\/03\/Post-cargador-ele\u0300ctric-1.jpeg","type":"image\/jpeg"}],"twitter_card":"summary_large_image","twitter_title":"La Cantera Rural Spa disposa de carregador el\u00e8ctric per a cotxe","twitter_description":"Els nostres visitants tenen a disposici\u00f3 el carregador el\u00e8ctric, on poden fer la c\u00e0rrega del cotxe mentre gaudeixen tranquil\u00b7lament de l'allotjament La Cantera Rural Spa.","twitter_image":"https:\/\/lacanterarural.com\/wp-content\/uploads\/2022\/03\/Post-cargador-ele\u0300ctric-1.jpeg","twitter_misc":{"Temps estimat de lectura":"2 minuts"},"schema":{"@context":"https:\/\/schema.org","@graph":[{"@type":"WebPage","@id":"https:\/\/lacanterarural.com\/ca\/carregador-cotxe-electric\/","url":"https:\/\/lacanterarural.com\/ca\/carregador-cotxe-electric\/","name":"Casa rural amb carregador el\u00e8ctric per a cotxe - La Cantera Rural Spa","isPartOf":{"@id":"https:\/\/lacanterarural.com\/ca\/#website"},"datePublished":"2022-03-03T15:12:36+00:00","dateModified":"2022-03-04T13:22:57+00:00","description":"Els nostres visitants tenen a disposici\u00f3 el carregador el\u00e8ctric, on poden fer la c\u00e0rrega del cotxe mentre gaudeixen tranquil\u00b7lament de l'allotjament La Cantera Rural Spa.","breadcrumb":{"@id":"https:\/\/lacanterarural.com\/ca\/carregador-cotxe-electric\/#breadcrumb"},"inLanguage":"ca","potentialAction":[{"@type":"ReadAction","target":["https:\/\/lacanterarural.com\/ca\/carregador-cotxe-electric\/"]}]},{"@type":"BreadcrumbList","@id":"https:\/\/lacanterarural.com\/ca\/carregador-cotxe-electric\/#breadcrumb","itemListElement":[{"@type":"ListItem","position":1,"name":"Portada","item":"https:\/\/lacanterarural.com\/ca\/"},{"@type":"ListItem","position":2,"name":"Carregador per a cotxe el\u00e8ctric"}]},{"@type":"WebSite","@id":"https:\/\/lacanterarural.com\/ca\/#website","url":"https:\/\/lacanterarural.com\/ca\/","name":"La Cantera Rural","description":"Un sitio para volver","publisher":{"@id":"https:\/\/lacanterarural.com\/ca\/#organization"},"potentialAction":[{"@type":"SearchAction","target":{"@type":"EntryPoint","urlTemplate":"https:\/\/lacanterarural.com\/ca\/?s={search_term_string}"},"query-input":"required name=search_term_string"}],"inLanguage":"ca"},{"@type":"Organization","@id":"https:\/\/lacanterarural.com\/ca\/#organization","name":"La Cantera Rural","url":"https:\/\/lacanterarural.com\/ca\/","logo":{"@type":"ImageObject","inLanguage":"ca","@id":"https:\/\/lacanterarural.com\/ca\/#\/schema\/logo\/image\/","url":"https:\/\/lacanterarural.com\/wp-content\/uploads\/2020\/04\/LA-CANTERA-perfil-xarxes-blanc.jpg","contentUrl":"https:\/\/lacanterarural.com\/wp-content\/uploads\/2020\/04\/LA-CANTERA-perfil-xarxes-blanc.jpg","width":1182,"height":1182,"caption":"La Cantera Rural"},"image":{"@id":"https:\/\/lacanterarural.com\/ca\/#\/schema\/logo\/image\/"},"sameAs":["https:\/\/www.facebook.com\/lacanteraruralspa\/?modal=admin_todo_tour","https:\/\/www.instagram.com\/chaletlacantera\/","https:\/\/www.youtube.com\/watch?v=QWRaNGQ5LD4"]}]}},"_links":{"self":[{"href":"https:\/\/lacanterarural.com\/ca\/wp-json\/wp\/v2\/pages\/18516"}],"collection":[{"href":"https:\/\/lacanterarural.com\/ca\/wp-json\/wp\/v2\/pages"}],"about":[{"href":"https:\/\/lacanterarural.com\/ca\/wp-json\/wp\/v2\/types\/page"}],"author":[{"embeddable":true,"href":"https:\/\/lacanterarural.com\/ca\/wp-json\/wp\/v2\/users\/2"}],"replies":[{"embeddable":true,"href":"https:\/\/lacanterarural.com\/ca\/wp-json\/wp\/v2\/comments?post=18516"}],"version-history":[{"count":10,"href":"https:\/\/lacanterarural.com\/ca\/wp-json\/wp\/v2\/pages\/18516\/revisions"}],"predecessor-version":[{"id":18572,"href":"https:\/\/lacanterarural.com\/ca\/wp-json\/wp\/v2\/pages\/18516\/revisions\/18572"}],"wp:attachment":[{"href":"https:\/\/lacanterarural.com\/ca\/wp-json\/wp\/v2\/media?parent=18516"}],"curies":[{"name":"wp","href":"https:\/\/api.w.org\/{rel}","templated":true}]}}