{"id":18464,"date":"2020-07-21T15:19:51","date_gmt":"2020-07-21T14:19:51","guid":{"rendered":"https:\/\/lacanterarural.com\/?page_id=18464"},"modified":"2020-07-21T16:45:57","modified_gmt":"2020-07-21T15:45:57","slug":"higiene","status":"publish","type":"page","link":"https:\/\/lacanterarural.com\/ca\/higiene\/","title":{"rendered":"Higiene"},"content":{"rendered":"<div class=\"wpb-content-wrapper\"><p>[vc_row css_animation=&#8221;&#8221; row_type=&#8221;row&#8221; use_row_as_full_screen_section=&#8221;no&#8221; type=&#8221;grid&#8221; angled_section=&#8221;no&#8221; text_align=&#8221;center&#8221; background_image_as_pattern=&#8221;without_pattern&#8221; padding_top=&#8221;58&#8243; padding_bottom=&#8221;0&#8243; background_color=&#8221;#ffffff&#8221; z_index=&#8221;&#8221;][vc_column][vc_column_text]<\/p>\n<h2 style=\"text-align: center;\">Turisme Rural Segur<\/h2>\n<p>[\/vc_column_text][\/vc_column][\/vc_row][vc_row css_animation=&#8221;&#8221; row_type=&#8221;row&#8221; use_row_as_full_screen_section=&#8221;no&#8221; type=&#8221;grid&#8221; angled_section=&#8221;no&#8221; text_align=&#8221;center&#8221; background_image_as_pattern=&#8221;without_pattern&#8221; padding_top=&#8221;0&#8243; padding_bottom=&#8221;0&#8243; background_color=&#8221;#ffffff&#8221; z_index=&#8221;&#8221; css=&#8221;.vc_custom_1584705525211{margin-top: 30px !important;}&#8221;][vc_column][vc_column_text]<\/p>\n<h3>HIGIENE, DESINFECCI\u00d3 I PREVENCI\u00d3 COVID-19<\/h3>\n<p>[\/vc_column_text][vc_empty_space height=&#8221;25&#8243;][vc_single_image image=&#8221;16485&#8243; img_size=&#8221;full&#8221; alignment=&#8221;center&#8221; qode_css_animation=&#8221;&#8221;][vc_empty_space][\/vc_column][\/vc_row][vc_row css_animation=&#8221;&#8221; row_type=&#8221;row&#8221; use_row_as_full_screen_section=&#8221;no&#8221; type=&#8221;grid&#8221; angled_section=&#8221;no&#8221; text_align=&#8221;center&#8221; background_image_as_pattern=&#8221;without_pattern&#8221; padding_top=&#8221;0&#8243; padding_bottom=&#8221;0&#8243; background_color=&#8221;#ffffff&#8221; z_index=&#8221;&#8221; css=&#8221;.vc_custom_1584705525211{margin-top: 30px !important;}&#8221;][vc_column][vc_empty_space height=&#8221;25&#8243;][vc_column_text]<\/p>\n<p class=\"p1\"><span class=\"s1\">A casa nostra ja\u00a0aplic\u00e0vem<\/span><span class=\"s2\">\u00a0<\/span><span class=\"s1\">protocols molt exigents de neteja i\u00a0rentatge<\/span><span class=\"s2\">\u00a0<\/span><span class=\"s1\">de roba, no obstant\u00a0aix\u00f2, els hem refor\u00e7at.<\/span><\/p>\n<p class=\"p1\"><span class=\"s3\"><br \/>\n<\/span><span class=\"s1\">La\u00a0Cantera<\/span><span class=\"s2\">\u00a0<\/span><span class=\"s1\">Rural assumeix un comprom\u00eds ferm amb la gesti\u00f3\u00a0del<\/span><span class=\"s2\">\u00a0<\/span><span class=\"s1\">risc, implementant unes mesures sistem\u00e0tiques dirigides a minimitzar-lo; us les detallem tot seguit: <\/span><\/p>\n<p class=\"p1\"><span class=\"s3\">\u2022<br \/>\n<\/span><span class=\"s1\">Ventilar totes les estances de la casa per tenir una bona qualitat de l&#8217;aire.<\/span><\/p>\n<p class=\"p1\"><span class=\"s3\">\u2022<br \/>\n<\/span><span class=\"s1\">Tenir tot l&#8217;allotjament net i amb l&#8217;equipament adequat \u00e9s fonamental.<\/span><\/p>\n<p class=\"p1\"><span class=\"s3\">\u2022<br \/>\n<\/span><span class=\"s1\">Les superf\u00edcies, primer es netegen, i despr\u00e9s es desinfecten.<\/span><\/p>\n<p class=\"p1\"><span class=\"s3\">\u2022<br \/>\n<\/span><span class=\"s1\">Superf\u00edcies i objectes on posem m\u00e9s \u00e8mfasi en la desinfecci\u00f3: taules, cadires, tauletes de nit, poms de les portes de les habitacions, dels mobles i de la cuina; interruptors de la llum, comandaments de la tele, barana de l&#8217;escala, aixetes, timbres. La coberteria, vaixella i cristalleria es renta\u00a0al rentavaixella<\/span><span class=\"s2\">\u00a0<\/span><span class=\"s1\">a\u00a080\u00baC.<\/span><\/p>\n<p class=\"p1\"><span class=\"s3\"><br \/>\n<\/span><span class=\"s1\">La roba de llit i tovalloles es renten entre 60 i 70 C\u00b0<\/span><span class=\"s2\">\u00a0<\/span><span class=\"s1\">per una desinfecci\u00f3 completa.<\/span><\/p>\n<h3 class=\"p1\"><span class=\"s3\"><br \/>\n<\/span><span class=\"s1\">PROTECCI\u00d3 PERSONAL<\/span><\/h3>\n<p class=\"p1\"><span class=\"s1\">El nostre personal porta guants, mascareta, davantal de pl\u00e0stic i sabatilles de pl\u00e0stic. Tot ha d&#8217;estar desinfectat abans que entrin els nostres hostes. Quan acabem, ja fora de casa, fiquem la mascareta i els guants en una bossa que llencem a les escombraries. <\/span><\/p>\n<h3 class=\"p1\"><span class=\"s3\"><br \/>\n<\/span><span class=\"s1\">HABITACIONS<\/span><\/h3>\n<p class=\"p1\"><span class=\"s1\">Neteja amb productes autoritzats. Els matalassos i els coixins es netegen mitjan\u00e7ant vaporitzaci\u00f3. La roba de llit arriba de la bugaderia envasada, higienitzada i rentada a temperatura superior a 60<\/span><span class=\"s2\">\u202f<\/span><span class=\"s1\">\u00b0C.<\/span><\/p>\n<h3 class=\"p1\"><span class=\"s3\"><br \/>\n<\/span><span class=\"s1\">BANYS<\/span><\/h3>\n<p class=\"p1\"><span class=\"s1\">Neteja amb productes autoritzats. Les tovalloles i catifes es deixaran a l&#8217;estan\u00e7a\u00a0envasades, higienitzades i rentades a temperatura superior a 60<\/span><span class=\"s2\">\u202f<\/span><span class=\"s1\">\u00b0C. Neteja i canvi de bosses en papereres, totes tancades amb tapa.<\/span><\/p>\n<p>&nbsp;<\/p>\n<h3 class=\"p1\"><span class=\"s1\">ZONES EXTERIORS I COMUNS<\/span><span class=\"s3\"><br \/>\n<\/span><\/h3>\n<p class=\"p1\"><span class=\"s1\">S&#8217;ha desinfectat tot el mobiliari d&#8217;exteriors: zona juvenil, barbacoa, taules, cadires, hamaques, zona del porxo del darrere, piscina d&#8217;aigua salada segons els protocols del <strong><em>CISC \u2013Centre de Control de Malalties dels Estats Units-<\/em><\/strong> que diu &#8220;no hi ha evid\u00e8ncia que el virus que causa la COVID-19 es pugui transmetre a les persones a trav\u00e9s de l&#8217;aigua en piscines, jacuzzis, spas<\/span><span class=\"s2\">\u00a0<\/span><span class=\"s1\">o \u00e0rees de jocs amb\u00a0aigua&#8221;.<\/span> <span class=\"s1\">Per\u00f2 per a aix\u00f2 cal mantenir la cloraci\u00f3 de l&#8217;aigua en els est\u00e0ndards que es fixen en les lleis, comen\u00e7ant pel <em><strong>Reial Decret 742\/2013<\/strong><\/em> que regula la mat\u00e8ria.<\/span><\/p>\n<p class=\"p1\"><span class=\"s3\"><br \/>\n<\/span><span class=\"s1\">El CSIC, en l\u00ednia del que recomanen les lleis, considera que l&#8217;aigua de les piscines ha de tenir una concentraci\u00f3 de clor lliure recomanada d&#8217;entre 1 i 3 mg \/ L, que &#8220;serien suficients per a la inactivaci\u00f3 de virus\u201d. Per mantenir aquest nivell de clor &#8220;pur&#8221; en l&#8217;aigua, <em>a <\/em>La Cantera disposem de sistemes de control autom\u00e0tic, un &#8220;robot&#8221; que analitza l&#8217;aigua de forma constant i quan detecta una caiguda de clor &#8220;disponible&#8221; es posa en marxa per afegir-ne m\u00e9s.<\/span><\/p>\n<p>&nbsp;<\/p>\n<h3 class=\"p1\"><strong><span class=\"s1\">Conformitat del\u00a0protocol<\/span><span class=\"s2\">\u00a0<\/span><span class=\"s1\">per part de client<\/span><\/strong><\/h3>\n<p class=\"p1\"><span class=\"s1\">En el moment del Check-in<\/span><span class=\"s2\">\u00a0<\/span><span class=\"s1\">s&#8217;explicar\u00e0 als clients les normes a seguir per a l\u2019\u00fas correcte de les instal\u00b7lacions, aix\u00ed com de seguretat.<\/span><span class=\"s3\"><br \/>\n<\/span><span class=\"s1\">El client haur\u00e0 d&#8217;acceptar tant el compliment de les mesures que l&#8217;allotjament ha implementat per evitar els riscos com que ha estat informat de tot en el moment de la confirmaci\u00f3 de la reserva.<\/span><span class=\"s3\"><br \/>\n<\/span><span class=\"s1\">La Cantera Rural desitja que la seva estada sigui el m\u00e9s agradable possible, per aix\u00f2 ens esforcem perqu\u00e8 aix\u00ed sigui i, si en algun moment percep algun desperfecte o anomalia, li agrairem que ens la comuniqui\u00a0com m\u00e9s aviat millor<\/span><span class=\"s2\">\u00a0<\/span><span class=\"s1\">per poder esmenar-ho.<\/span><span class=\"s3\"><br \/>\n<\/span><span class=\"s1\">L\u2019allotjament disposa d&#8217;una aplicaci\u00f3 on s&#8217;explica cada mesura de seguretat establerta aix\u00ed com els tel\u00e8fons d&#8217;urg\u00e8ncia.<\/span><span class=\"s3\"><br \/>\n<\/span><span class=\"s1\">En confirmar<\/span><span class=\"s2\">\u00a0<\/span><span class=\"s1\">la reserva s&#8217;enviar\u00e0 la Declaraci\u00f3 autoresponsable de viatge i tra\u00e7abilitat de contacte que ha d&#8217;emplenar cadascun dels hostes.<\/span><\/p>\n<p>&nbsp;<\/p>\n<h3 class=\"p1\"><span class=\"s1\">Manteniment<\/span><span class=\"s2\">\u00a0<\/span><span class=\"s1\">preventiu<\/span><\/h3>\n<p class=\"p1\"><span class=\"s1\">Aquest protocol ha de contemplar a l&#8217;almenys el seg\u00fcent:<\/span><span class=\"s3\"><br \/>\n<\/span><span class=\"s1\">&#8211; El personal de manteniment ha de protegir-se amb l&#8217;equip de protecci\u00f3 individual definit, i en tot cas amb mascareta.<\/span><span class=\"s3\"><br \/>\n<\/span><span class=\"s1\">&#8211; Si el client es troba a l&#8217;habitaci\u00f3, se l\u2019ha d&#8217;instar a posar-se tamb\u00e9 la mascareta mentre el personal de manteniment romangui a l&#8217;habitaci\u00f3.<\/span><span class=\"s3\"><br \/>\n<\/span><span class=\"s1\">&#8211; Un cop finalitzada l&#8217;assist\u00e8ncia o reparaci\u00f3, el personal ha de desinfectar-se les mans i rebutjar l&#8217;equip de protecci\u00f3 individual di\u00e0riament.<\/span><\/p>\n<p>[\/vc_column_text][vc_empty_space][\/vc_column][\/vc_row][vc_row css_animation=&#8221;&#8221; row_type=&#8221;row&#8221; use_row_as_full_screen_section=&#8221;no&#8221; type=&#8221;grid&#8221; angled_section=&#8221;no&#8221; text_align=&#8221;center&#8221; background_image_as_pattern=&#8221;without_pattern&#8221; padding_top=&#8221;0&#8243; padding_bottom=&#8221;0&#8243; background_color=&#8221;#ffffff&#8221; z_index=&#8221;&#8221; el_id=&#8221;reserves-desktop-1&#8243;][vc_column css=&#8221;.vc_custom_1584829002351{margin-top: 100px !important;margin-bottom: 50px !important;}&#8221; offset=&#8221;vc_hidden-xs&#8221;][vc_column_text]<\/p>\n<h2 style=\"text-align: center;\">Seguretat i higiene per als nostres clients<\/h2>\n<p>[\/vc_column_text][\/vc_column][\/vc_row][vc_row css_animation=&#8221;&#8221; row_type=&#8221;row&#8221; use_row_as_full_screen_section=&#8221;no&#8221; type=&#8221;grid&#8221; angled_section=&#8221;no&#8221; text_align=&#8221;center&#8221; background_image_as_pattern=&#8221;without_pattern&#8221; padding_top=&#8221;0&#8243; padding_bottom=&#8221;0&#8243; background_color=&#8221;#ffffff&#8221; css=&#8221;.vc_custom_1584828954943{background-image: url(https:\/\/lacanterarural.com\/wp-content\/uploads\/2020\/03\/la-cantera-gold-background.jpg?id=16410) !important;}&#8221; z_index=&#8221;&#8221; el_id=&#8221;reserves-desktop-2&#8243;][vc_column offset=&#8221;vc_hidden-xs&#8221; css=&#8221;.vc_custom_1584828973748{padding-top: 50px !important;padding-bottom: 50px !important;}&#8221;][vc_column_text]<iframe style=\"width: 650px; height: 390px; border: 0;\" src=\"https:\/\/www.avaibook.com\/widgets_propietarios\/loader.php?id=59852&amp;lang=CA\" frameborder=\"0\">El teu navegador no suporta iframes<\/iframe><\/p>\n<div style=\"width: 650px; margin: auto;\"><\/div>\n<p>[\/vc_column_text][\/vc_column][\/vc_row][vc_row css_animation=&#8221;&#8221; row_type=&#8221;row&#8221; use_row_as_full_screen_section=&#8221;no&#8221; type=&#8221;grid&#8221; angled_section=&#8221;no&#8221; text_align=&#8221;center&#8221; background_image_as_pattern=&#8221;without_pattern&#8221; padding_top=&#8221;0&#8243; padding_bottom=&#8221;0&#8243; background_color=&#8221;#ffffff&#8221; css=&#8221;.vc_custom_1584829071313{background-image: url(https:\/\/lacanterarural.com\/wp-content\/uploads\/2020\/03\/la-cantera-gold-background.jpg?id=16410) !important;}&#8221; z_index=&#8221;&#8221; el_id=&#8221;reserves-mobile-2&#8243;][vc_column offset=&#8221;vc_hidden-lg vc_hidden-md vc_hidden-sm&#8221; css=&#8221;.vc_custom_1584829477836{padding-top: 50px !important;padding-bottom: 50px !important;}&#8221;][vc_column_text]<iframe style=\"width: 300px; height: 355px; border: 0;\" src=\"https:\/\/www.avaibook.com\/widgets_propietarios\/loader.php?id=59852&amp;lang=CA&amp;tipo=2&amp;subtipo=2\" frameborder=\"0\">El teu navegador no suporta iframes<\/iframe><\/p>\n<div style=\"width: 300px; margin: auto;\"><\/div>\n<p>[\/vc_column_text][\/vc_column][\/vc_row]<\/p>\n<\/div>","protected":false},"excerpt":{"rendered":"<p>[vc_row css_animation=&#8221;&#8221; row_type=&#8221;row&#8221; use_row_as_full_screen_section=&#8221;no&#8221; type=&#8221;grid&#8221; angled_section=&#8221;no&#8221; text_align=&#8221;center&#8221; background_image_as_pattern=&#8221;without_pattern&#8221; padding_top=&#8221;58&#8243; padding_bottom=&#8221;0&#8243; background_color=&#8221;#ffffff&#8221; z_index=&#8221;&#8221;][vc_column][vc_column_text] Turisme Rural Segur [\/vc_column_text][\/vc_column][\/vc_row][vc_row css_animation=&#8221;&#8221; row_type=&#8221;row&#8221; use_row_as_full_screen_section=&#8221;no&#8221; type=&#8221;grid&#8221; angled_section=&#8221;no&#8221; text_align=&#8221;center&#8221; background_image_as_pattern=&#8221;without_pattern&#8221; padding_top=&#8221;0&#8243; padding_bottom=&#8221;0&#8243; background_color=&#8221;#ffffff&#8221; z_index=&#8221;&#8221; css=&#8221;.vc_custom_1584705525211{margin-top: 30px !important;}&#8221;][vc_column][vc_column_text] HIGIENE, DESINFECCI\u00d3 I PREVENCI\u00d3 COVID-19 [\/vc_column_text][vc_empty_space height=&#8221;25&#8243;][vc_single_image image=&#8221;16485&#8243; img_size=&#8221;full&#8221; alignment=&#8221;center&#8221; qode_css_animation=&#8221;&#8221;][vc_empty_space][\/vc_column][\/vc_row][vc_row css_animation=&#8221;&#8221; row_type=&#8221;row&#8221; use_row_as_full_screen_section=&#8221;no&#8221; type=&#8221;grid&#8221;&#8230;<\/p>\n","protected":false},"author":2,"featured_media":0,"parent":0,"menu_order":0,"comment_status":"closed","ping_status":"closed","template":"full_width.php","meta":{"footnotes":""},"yoast_head":"<!-- This site is optimized with the Yoast SEO plugin v21.5 - https:\/\/yoast.com\/wordpress\/plugins\/seo\/ -->\n<title>Higiene - La Cantera Rural Spa<\/title>\n<meta name=\"robots\" content=\"index, follow, max-snippet:-1, max-image-preview:large, max-video-preview:-1\" \/>\n<link rel=\"canonical\" href=\"https:\/\/lacanterarural.com\/ca\/higiene\/\" \/>\n<meta property=\"og:locale\" content=\"ca_ES\" \/>\n<meta property=\"og:type\" content=\"article\" \/>\n<meta property=\"og:title\" content=\"Higiene - La Cantera Rural Spa\" \/>\n<meta property=\"og:description\" content=\"[vc_row css_animation=&#8221;&#8221; row_type=&#8221;row&#8221; use_row_as_full_screen_section=&#8221;no&#8221; type=&#8221;grid&#8221; angled_section=&#8221;no&#8221; text_align=&#8221;center&#8221; background_image_as_pattern=&#8221;without_pattern&#8221; padding_top=&#8221;58&#8243; padding_bottom=&#8221;0&#8243; background_color=&#8221;#ffffff&#8221; z_index=&#8221;&#8221;][vc_column][vc_column_text] Turisme Rural Segur [\/vc_column_text][\/vc_column][\/vc_row][vc_row css_animation=&#8221;&#8221; row_type=&#8221;row&#8221; use_row_as_full_screen_section=&#8221;no&#8221; type=&#8221;grid&#8221; angled_section=&#8221;no&#8221; text_align=&#8221;center&#8221; background_image_as_pattern=&#8221;without_pattern&#8221; padding_top=&#8221;0&#8243; padding_bottom=&#8221;0&#8243; background_color=&#8221;#ffffff&#8221; z_index=&#8221;&#8221; css=&#8221;.vc_custom_1584705525211{margin-top: 30px !important;}&#8221;][vc_column][vc_column_text] HIGIENE, DESINFECCI\u00d3 I PREVENCI\u00d3 COVID-19 [\/vc_column_text][vc_empty_space height=&#8221;25&#8243;][vc_single_image image=&#8221;16485&#8243; img_size=&#8221;full&#8221; alignment=&#8221;center&#8221; qode_css_animation=&#8221;&#8221;][vc_empty_space][\/vc_column][\/vc_row][vc_row css_animation=&#8221;&#8221; row_type=&#8221;row&#8221; use_row_as_full_screen_section=&#8221;no&#8221; type=&#8221;grid&#8221;...\" \/>\n<meta property=\"og:url\" content=\"https:\/\/lacanterarural.com\/ca\/higiene\/\" \/>\n<meta property=\"og:site_name\" content=\"La Cantera Rural Spa\" \/>\n<meta property=\"article:publisher\" content=\"https:\/\/www.facebook.com\/lacanteraruralspa\/?modal=admin_todo_tour\" \/>\n<meta property=\"article:modified_time\" content=\"2020-07-21T15:45:57+00:00\" \/>\n<meta name=\"twitter:card\" content=\"summary_large_image\" \/>\n<meta name=\"twitter:label1\" content=\"Temps estimat de lectura\" \/>\n\t<meta name=\"twitter:data1\" content=\"6 minuts\" \/>\n<script type=\"application\/ld+json\" class=\"yoast-schema-graph\">{\"@context\":\"https:\/\/schema.org\",\"@graph\":[{\"@type\":\"WebPage\",\"@id\":\"https:\/\/lacanterarural.com\/ca\/higiene\/\",\"url\":\"https:\/\/lacanterarural.com\/ca\/higiene\/\",\"name\":\"Higiene - La Cantera Rural Spa\",\"isPartOf\":{\"@id\":\"https:\/\/lacanterarural.com\/ca\/#website\"},\"datePublished\":\"2020-07-21T14:19:51+00:00\",\"dateModified\":\"2020-07-21T15:45:57+00:00\",\"breadcrumb\":{\"@id\":\"https:\/\/lacanterarural.com\/ca\/higiene\/#breadcrumb\"},\"inLanguage\":\"ca\",\"potentialAction\":[{\"@type\":\"ReadAction\",\"target\":[\"https:\/\/lacanterarural.com\/ca\/higiene\/\"]}]},{\"@type\":\"BreadcrumbList\",\"@id\":\"https:\/\/lacanterarural.com\/ca\/higiene\/#breadcrumb\",\"itemListElement\":[{\"@type\":\"ListItem\",\"position\":1,\"name\":\"Portada\",\"item\":\"https:\/\/lacanterarural.com\/ca\/\"},{\"@type\":\"ListItem\",\"position\":2,\"name\":\"Higiene\"}]},{\"@type\":\"WebSite\",\"@id\":\"https:\/\/lacanterarural.com\/ca\/#website\",\"url\":\"https:\/\/lacanterarural.com\/ca\/\",\"name\":\"La Cantera Rural\",\"description\":\"Un sitio para volver\",\"publisher\":{\"@id\":\"https:\/\/lacanterarural.com\/ca\/#organization\"},\"potentialAction\":[{\"@type\":\"SearchAction\",\"target\":{\"@type\":\"EntryPoint\",\"urlTemplate\":\"https:\/\/lacanterarural.com\/ca\/?s={search_term_string}\"},\"query-input\":\"required name=search_term_string\"}],\"inLanguage\":\"ca\"},{\"@type\":\"Organization\",\"@id\":\"https:\/\/lacanterarural.com\/ca\/#organization\",\"name\":\"La Cantera Rural\",\"url\":\"https:\/\/lacanterarural.com\/ca\/\",\"logo\":{\"@type\":\"ImageObject\",\"inLanguage\":\"ca\",\"@id\":\"https:\/\/lacanterarural.com\/ca\/#\/schema\/logo\/image\/\",\"url\":\"https:\/\/lacanterarural.com\/wp-content\/uploads\/2020\/04\/LA-CANTERA-perfil-xarxes-blanc.jpg\",\"contentUrl\":\"https:\/\/lacanterarural.com\/wp-content\/uploads\/2020\/04\/LA-CANTERA-perfil-xarxes-blanc.jpg\",\"width\":1182,\"height\":1182,\"caption\":\"La Cantera Rural\"},\"image\":{\"@id\":\"https:\/\/lacanterarural.com\/ca\/#\/schema\/logo\/image\/\"},\"sameAs\":[\"https:\/\/www.facebook.com\/lacanteraruralspa\/?modal=admin_todo_tour\",\"https:\/\/www.instagram.com\/chaletlacantera\/\",\"https:\/\/www.youtube.com\/watch?v=QWRaNGQ5LD4\"]}]}<\/script>\n<!-- \/ Yoast SEO plugin. -->","yoast_head_json":{"title":"Higiene - La Cantera Rural Spa","robots":{"index":"index","follow":"follow","max-snippet":"max-snippet:-1","max-image-preview":"max-image-preview:large","max-video-preview":"max-video-preview:-1"},"canonical":"https:\/\/lacanterarural.com\/ca\/higiene\/","og_locale":"ca_ES","og_type":"article","og_title":"Higiene - La Cantera Rural Spa","og_description":"[vc_row css_animation=&#8221;&#8221; row_type=&#8221;row&#8221; use_row_as_full_screen_section=&#8221;no&#8221; type=&#8221;grid&#8221; angled_section=&#8221;no&#8221; text_align=&#8221;center&#8221; background_image_as_pattern=&#8221;without_pattern&#8221; padding_top=&#8221;58&#8243; padding_bottom=&#8221;0&#8243; background_color=&#8221;#ffffff&#8221; z_index=&#8221;&#8221;][vc_column][vc_column_text] Turisme Rural Segur [\/vc_column_text][\/vc_column][\/vc_row][vc_row css_animation=&#8221;&#8221; row_type=&#8221;row&#8221; use_row_as_full_screen_section=&#8221;no&#8221; type=&#8221;grid&#8221; angled_section=&#8221;no&#8221; text_align=&#8221;center&#8221; background_image_as_pattern=&#8221;without_pattern&#8221; padding_top=&#8221;0&#8243; padding_bottom=&#8221;0&#8243; background_color=&#8221;#ffffff&#8221; z_index=&#8221;&#8221; css=&#8221;.vc_custom_1584705525211{margin-top: 30px !important;}&#8221;][vc_column][vc_column_text] HIGIENE, DESINFECCI\u00d3 I PREVENCI\u00d3 COVID-19 [\/vc_column_text][vc_empty_space height=&#8221;25&#8243;][vc_single_image image=&#8221;16485&#8243; img_size=&#8221;full&#8221; alignment=&#8221;center&#8221; qode_css_animation=&#8221;&#8221;][vc_empty_space][\/vc_column][\/vc_row][vc_row css_animation=&#8221;&#8221; row_type=&#8221;row&#8221; use_row_as_full_screen_section=&#8221;no&#8221; type=&#8221;grid&#8221;...","og_url":"https:\/\/lacanterarural.com\/ca\/higiene\/","og_site_name":"La Cantera Rural Spa","article_publisher":"https:\/\/www.facebook.com\/lacanteraruralspa\/?modal=admin_todo_tour","article_modified_time":"2020-07-21T15:45:57+00:00","twitter_card":"summary_large_image","twitter_misc":{"Temps estimat de lectura":"6 minuts"},"schema":{"@context":"https:\/\/schema.org","@graph":[{"@type":"WebPage","@id":"https:\/\/lacanterarural.com\/ca\/higiene\/","url":"https:\/\/lacanterarural.com\/ca\/higiene\/","name":"Higiene - La Cantera Rural Spa","isPartOf":{"@id":"https:\/\/lacanterarural.com\/ca\/#website"},"datePublished":"2020-07-21T14:19:51+00:00","dateModified":"2020-07-21T15:45:57+00:00","breadcrumb":{"@id":"https:\/\/lacanterarural.com\/ca\/higiene\/#breadcrumb"},"inLanguage":"ca","potentialAction":[{"@type":"ReadAction","target":["https:\/\/lacanterarural.com\/ca\/higiene\/"]}]},{"@type":"BreadcrumbList","@id":"https:\/\/lacanterarural.com\/ca\/higiene\/#breadcrumb","itemListElement":[{"@type":"ListItem","position":1,"name":"Portada","item":"https:\/\/lacanterarural.com\/ca\/"},{"@type":"ListItem","position":2,"name":"Higiene"}]},{"@type":"WebSite","@id":"https:\/\/lacanterarural.com\/ca\/#website","url":"https:\/\/lacanterarural.com\/ca\/","name":"La Cantera Rural","description":"Un sitio para volver","publisher":{"@id":"https:\/\/lacanterarural.com\/ca\/#organization"},"potentialAction":[{"@type":"SearchAction","target":{"@type":"EntryPoint","urlTemplate":"https:\/\/lacanterarural.com\/ca\/?s={search_term_string}"},"query-input":"required name=search_term_string"}],"inLanguage":"ca"},{"@type":"Organization","@id":"https:\/\/lacanterarural.com\/ca\/#organization","name":"La Cantera Rural","url":"https:\/\/lacanterarural.com\/ca\/","logo":{"@type":"ImageObject","inLanguage":"ca","@id":"https:\/\/lacanterarural.com\/ca\/#\/schema\/logo\/image\/","url":"https:\/\/lacanterarural.com\/wp-content\/uploads\/2020\/04\/LA-CANTERA-perfil-xarxes-blanc.jpg","contentUrl":"https:\/\/lacanterarural.com\/wp-content\/uploads\/2020\/04\/LA-CANTERA-perfil-xarxes-blanc.jpg","width":1182,"height":1182,"caption":"La Cantera Rural"},"image":{"@id":"https:\/\/lacanterarural.com\/ca\/#\/schema\/logo\/image\/"},"sameAs":["https:\/\/www.facebook.com\/lacanteraruralspa\/?modal=admin_todo_tour","https:\/\/www.instagram.com\/chaletlacantera\/","https:\/\/www.youtube.com\/watch?v=QWRaNGQ5LD4"]}]}},"_links":{"self":[{"href":"https:\/\/lacanterarural.com\/ca\/wp-json\/wp\/v2\/pages\/18464"}],"collection":[{"href":"https:\/\/lacanterarural.com\/ca\/wp-json\/wp\/v2\/pages"}],"about":[{"href":"https:\/\/lacanterarural.com\/ca\/wp-json\/wp\/v2\/types\/page"}],"author":[{"embeddable":true,"href":"https:\/\/lacanterarural.com\/ca\/wp-json\/wp\/v2\/users\/2"}],"replies":[{"embeddable":true,"href":"https:\/\/lacanterarural.com\/ca\/wp-json\/wp\/v2\/comments?post=18464"}],"version-history":[{"count":8,"href":"https:\/\/lacanterarural.com\/ca\/wp-json\/wp\/v2\/pages\/18464\/revisions"}],"predecessor-version":[{"id":18491,"href":"https:\/\/lacanterarural.com\/ca\/wp-json\/wp\/v2\/pages\/18464\/revisions\/18491"}],"wp:attachment":[{"href":"https:\/\/lacanterarural.com\/ca\/wp-json\/wp\/v2\/media?parent=18464"}],"curies":[{"name":"wp","href":"https:\/\/api.w.org\/{rel}","templated":true}]}}