{"id":18207,"date":"2020-03-21T18:00:02","date_gmt":"2020-03-21T17:00:02","guid":{"rendered":"https:\/\/lacanterarural.com\/?page_id=18207"},"modified":"2020-03-24T13:22:45","modified_gmt":"2020-03-24T12:22:45","slug":"cookies","status":"publish","type":"page","link":"https:\/\/lacanterarural.com\/ca\/cookies\/","title":{"rendered":"Pol\u00edtica de cookies"},"content":{"rendered":"<h3>QU\u00c8 S\u00d3N LES COOKIES?<\/h3>\n<p>Les cookies s\u00f3n petits arxius de dades que es reben en el terminal des del lloc web visitat i s&#8217;usen per registrar certes interaccions de la navegaci\u00f3 emmagatzemant dades que podran ser actualitzades i recuperades. Aquests arxius s&#8217;emmagatzemen a l&#8217;ordinador de l&#8217;usuari i contenen dades an\u00f2nimes i no perjudicials per al seu equip. S&#8217;utilitzen per recordar les prefer\u00e8ncies de l&#8217;usuari, com ara l&#8217;idioma seleccionat, les dades d&#8217;acc\u00e9s o la personalitzaci\u00f3 de la p\u00e0gina.<\/p>\n<p>&nbsp;<\/p>\n<p>Les cookies tamb\u00e9 poden ser utilitzades per registrar informaci\u00f3 an\u00f2nima sobre com utilitza el lloc el visitant. Per exemple, des de quina p\u00e0gina web hi ha accedit o si ha utilitzat un b\u00e0ner publicitari per arribar-hi.<\/p>\n<p>&nbsp;<\/p>\n<h3>PER QU\u00c8 UTILITZEM COOKIES?<\/h3>\n<p>Utilitzem les cookies estrictament necess\u00e0ries i essencials perqu\u00e8 vost\u00e8 faci servir el nostre lloc web i pugui moure&#8217;s lliurement, utilitzar \u00e0rees segures, configurar opcions personalitzades, etc. A m\u00e9s, utilitzem cookies que recullen dades relatives a l&#8217;an\u00e0lisi d&#8217;\u00fas del web. Aquestes s&#8217;utilitzen per ajudar a millorar el servei per al client, mesurant l&#8217;\u00fas i el rendiment de la p\u00e0gina per optimitzar-la i personalitzar-la.<\/p>\n<p>&nbsp;<\/p>\n<p>Tamb\u00e9 podem tenir enlla\u00e7os de xarxes socials (com Facebook o Twitter). TALLER DE PIEDRA MORAGUES, S.A. no controla les cookies utilitzades per aquests webs externs. Per a m\u00e9s informaci\u00f3 sobre les cookies de les xarxes socials o altres webs aliens, aconsellem que revisi les seves pr\u00f2pies pol\u00edtiques de cookies.<\/p>\n<p>&nbsp;<\/p>\n<p><b>Segons l&#8217;entitat que les gestiona:<\/b><\/p>\n<ul>\n<li><strong>Cookies pr\u00f2pies:<\/strong> Les cookies pr\u00f2pies s\u00f3n les generades per la p\u00e0gina que est\u00e0 visitant.<\/li>\n<li><strong>Cookies de tercers: <\/strong> Les cookies de tercers s\u00f3n les generades per serveis o prove\u00efdos externs, com ara Facebook, Twitter, Google, etc.<\/li>\n<\/ul>\n<p>&nbsp;<\/p>\n<p><b>Segons la seva finalitat:<\/b><\/p>\n<ul>\n<li><strong>Cookies t\u00e8cniques:<\/strong> Les cookies t\u00e8cniques s\u00f3n aquelles imprescindibles i estrictament necess\u00e0ries per al funcionament correcte d&#8217;un portal web i la utilitzaci\u00f3 de les diferents opcions i serveis que ofereix. Per exemple, les que serveixen per al manteniment de la sessi\u00f3, gesti\u00f3 del temps de resposta, rendiment o validaci\u00f3 d&#8217;opcions, \u00fas d&#8217;elements de seguretat, compartici\u00f3 de contingut amb xarxes socials, etc.<\/li>\n<li><strong>Cookies de personalitzaci\u00f3: <\/strong> Aquestes cookies permeten a l&#8217;usuari especificar o personalitzar algunes caracter\u00edstiques de les opcions generales de la p\u00e0gina web. Per exemple, definir l&#8217;idioma, la configuraci\u00f3 regional o el tipus de navegador.<\/li>\n<li><strong>Cookies anal\u00edtiques: <\/strong> Les cookies anal\u00edtiques s\u00f3n les utilitzades per elaborar perfils de navegaci\u00f3 i poder con\u00e8ixer les prefer\u00e8ncies dels usuaris amb la finalitat de millorar l&#8217;oferta de productes i serveis. Per exemple, mitjan\u00e7ant una cookie anal\u00edtica es controlarien les \u00e0rees geogr\u00e0fiques de m\u00e9s inter\u00e8s d&#8217;un usuari, quin \u00e9s el producte de m\u00e9s acceptaci\u00f3, etc.<\/li>\n<li><strong>Cookies publicit\u00e0ries \/ de publicitat: <\/strong> Les cookies publicit\u00e0ries permeten la gesti\u00f3 dels espais publicitaris d&#8217;acord amb criteris concrets. Per exemple, la freq\u00fc\u00e8ncia d&#8217;acc\u00e9s, el contingut editat, etc. Les cookies publicit\u00e0ries permeten, a trav\u00e9s de la gesti\u00f3 de la publicitat, emmagatzemar informaci\u00f3 del comportament a trav\u00e9s de l&#8217;observaci\u00f3 d&#8217;h\u00e0bits, estudiant els accessos i formant un perfil de prefer\u00e8ncies de l&#8217;usuari, per oferir-li publicitat relacionada amb els interessos del seu perfil.<\/li>\n<\/ul>\n<p>&nbsp;<\/p>\n<p><b>Segons termini:<\/b><\/p>\n<ul>\n<li><strong>Cookies de sessi\u00f3:<\/strong> Les cookies de sessi\u00f3 s\u00f3n aquelles que duren el temps que l&#8217;usuari est\u00e0 navegant per la p\u00e0gina web i s&#8217;esborren quan acaba de fer-ho.<\/li>\n<li><strong>Cookies persistents: <\/strong> Aquestes cookies queden emmagatzemades en el terminal de l&#8217;usuari durant un temps m\u00e9s llarg, facilitant aix\u00ed el control de les prefer\u00e8ncies triades sense haver de repetir certs par\u00e0metres cada vegada que es visiti el lloc web.<\/li>\n<\/ul>\n<p>&nbsp;<\/p>\n<h3>IDENTIFICACI\u00d3 DE LES COOKIES D&#8217;AQUESTA P\u00c0GINA<\/h3>\n<p>Les cookies recollides en aquesta p\u00e0gina web poden ser tractades per nosaltres i tamb\u00e9 per als tercers que es relacionen a continuaci\u00f3, amb qui hem contractat la prestaci\u00f3 de serveis per als quals es requereix l\u2019\u00fas de cookies:<\/p>\n<p>&nbsp;<\/p>\n<table class=\"taulaCookies\" border=\"1\" width=\"100%\" cellspacing=\"0\" cellpadding=\"0\">\n<tbody>\n<tr class=\"row1\">\n<td valign=\"top\" width=\"40%\"><strong>Nom de la &#8220;cookie&#8221;<\/strong><\/td>\n<td valign=\"top\" width=\"60%\"><strong>Descripci\u00f3<\/strong><\/td>\n<\/tr>\n<tr class=\"row2\">\n<td valign=\"top\" width=\"\">&#8220;Cookies&#8221; de Google Analytics<\/td>\n<td valign=\"top\" width=\"\">Fem servir Google Analytics, un servei d&#8217;anal\u00edtica web que ofereix Google, Inc i que permet analitzar el tr\u00e0fic de les nostres planes. Google Analytics utilitza &#8220;cookies&#8221; per recollir aquesta informaci\u00f3. Entre les dades que recull, hi ha la teva IP.<br \/>\nPer obtenir m\u00e9s informaci\u00f3 sobre l&#8217;\u00fas que fa Google Analytics de les dades que recull, <a href=\"https:\/\/support.google.com\/analytics\/topic\/2919631?hl=ca&amp;ref_topic=1008008\" target=\"_blank\" rel=\"noopener noreferrer\">consulta la seva pol\u00edtica de privacitat<\/a>.<br \/>\nPer eliminar aquesta &#8220;cookie&#8221;, consulta aquest <a href=\"https:\/\/tools.google.com\/dlpage\/gaoptout\" target=\"_blank\" rel=\"noopener noreferrer\">enlla\u00e7<\/a>.<\/td>\n<\/tr>\n<\/tbody>\n<\/table>\n<p>&nbsp;<\/p>\n<h3>COM DESACTIVAR O ELIMINAR LES COOKIES?<\/h3>\n<p>Per complir amb la legislaci\u00f3 vigent, hem de demanar-li perm\u00eds per gestionar cookies. Si decideix no autoritzar el tractament indicant-nos que no hi est\u00e0 d&#8217;acord, nom\u00e9s utilitzar\u00edem les cookies t\u00e8cniques, ja que s\u00f3n imprescindibles per navegar pel nostre web. En aquest cas, no emmagatzemar\u00edem cap cookie. Si continua navegant pel nostre lloc web sense denegar-ne l&#8217;autoritzaci\u00f3, aix\u00f2 implica que n&#8217;accepta l&#8217;\u00fas.<\/p>\n<p>&nbsp;<\/p>\n<p>Tingui en compte que si rebutja o esborra les cookies de navegaci\u00f3 pel web de TALLER DE PIEDRA MORAGUES, S.A., no podrem mantenir les seves prefer\u00e8ncies, algunes caracter\u00edstiques de les p\u00e0gines no estaran operatives, no podrem oferir-li serveis personalitzats i cada vegada que navegui pel nostre web haurem de sol\u00b7licitar-li de nou la seva autoritzaci\u00f3 per a l&#8217;\u00fas de cookies.<\/p>\n<p>&nbsp;<\/p>\n<p>Si, tot i aix\u00f2, decideix modificar la configuraci\u00f3 del seu acc\u00e9s a la p\u00e0gina web, ha de saber que \u00e9s possible eliminar les cookies o impedir que es registri aquesta informaci\u00f3 en el seu equip en qualsevol moment mitjan\u00e7ant la modificaci\u00f3 dels par\u00e0metres de configuraci\u00f3 del seu navegador:<\/p>\n<p>&nbsp;<\/p>\n<ul>\n<li><a href=\"https:\/\/windows.microsoft.com\/es-es\/windows-vista\/block-or-allow-cookies\" target=\"_blank\" rel=\"noopener noreferrer\">Configuraci\u00f3 de cookies d&#8217;Internet Explorer<\/a><\/li>\n<li><a href=\"https:\/\/support.mozilla.org\/ca\/kb\/activa-i-desactiva-les-galetes-que-les-pagines-web\" target=\"_blank\" rel=\"noopener noreferrer\">Configuraci\u00f3 de cookies de Firefox<\/a><\/li>\n<li><a href=\"https:\/\/support.google.com\/chrome\/answer\/95647?hl=ca\" target=\"_blank\" rel=\"noopener noreferrer\">Configuraci\u00f3 de cookies de Google Chrome<\/a><\/li>\n<li><a href=\"https:\/\/support.apple.com\/kb\/HT1677?viewlocale=es_ES&amp;locale=es_ES\" target=\"_blank\" rel=\"noopener noreferrer\">Configuraci\u00f3 de cookies de Safari<\/a><\/li>\n<\/ul>\n<p>&nbsp;<\/p>\n<p>Aquests navegadors estan sotmesos a actualitzacions o modificacions, per la qual cosa no podem garantir que s&#8217;ajustin completament a la versi\u00f3 del seu navegador. Per evitar aquests desajustos, pot accedir directament des de les opcions del seu navegador que es troba generalment al men\u00fa d&#8217;Opcions, a la secci\u00f3 de &#8220;Privadesa&#8221;. (Si us plau, consulteu l&#8217;ajuda del seu navegador per a m\u00e9s informaci\u00f3.)<\/p>\n<p>&nbsp;<\/p>\n<h3>QU\u00c8 VOL DIR ACCEPTAR LES COOKIES?<\/h3>\n<p>Si accepta les nostres cookies, ens permet la millora del web de TALLER DE PIEDRA MORAGUES, S.A. per oferir-li un acc\u00e9s \u00f2ptim i donar-li un servei m\u00e9s efica\u00e7 i personalitzat.<\/p>\n<p>A m\u00e9s, vost\u00e8 pot configurar el seu navegador per establir que nom\u00e9s els llocs web de confian\u00e7a o les p\u00e0gines per les quals est\u00e0 navegant en aquest moment puguin gestionar cookies, la qual cosa li permet seleccionar les seves prefer\u00e8ncies.<\/p>\n<p>&nbsp;<\/p>\n<p>Amb aquesta pol\u00edtica, TALLER DE PIEDRA MORAGUES, S.A. utilitzarem i per qu\u00e8 ho fem. Amb aix\u00f2 pretenem proporcionar-li transpar\u00e8ncia en relaci\u00f3 a les dades tractades durant la navegaci\u00f3 feta des del seu equip en el nostre web.<\/p>\n<p>&nbsp;<\/p>\n<p>Aquesta pol\u00edtica es revisa peri\u00f2dicament per assegurar la seva vig\u00e8ncia, per la qual cosa pot ser modificada. Li recomanem que visiti la p\u00e0gina amb regularitat, on l&#8217;informarem de qualsevol actualitzaci\u00f3.<\/p>\n<p>&nbsp;<\/p>\n<p>&nbsp;<\/p>\n","protected":false},"excerpt":{"rendered":"<p>QU\u00c8 S\u00d3N LES COOKIES? Les cookies s\u00f3n petits arxius de dades que es reben en el terminal des del lloc web visitat i s&#8217;usen per registrar certes interaccions de la navegaci\u00f3 emmagatzemant dades que podran ser actualitzades i recuperades. Aquests arxius s&#8217;emmagatzemen a l&#8217;ordinador de&#8230;<\/p>\n","protected":false},"author":2,"featured_media":0,"parent":0,"menu_order":0,"comment_status":"closed","ping_status":"closed","template":"","meta":{"footnotes":""},"yoast_head":"<!-- This site is optimized with the Yoast SEO plugin v21.5 - https:\/\/yoast.com\/wordpress\/plugins\/seo\/ -->\n<title>Pol\u00edtica de cookies - La Cantera Rural Spa<\/title>\n<meta name=\"robots\" content=\"index, follow, max-snippet:-1, max-image-preview:large, max-video-preview:-1\" \/>\n<link rel=\"canonical\" href=\"https:\/\/lacanterarural.com\/ca\/cookies\/\" \/>\n<meta property=\"og:locale\" content=\"ca_ES\" \/>\n<meta property=\"og:type\" content=\"article\" \/>\n<meta property=\"og:title\" content=\"Pol\u00edtica de cookies - La Cantera Rural Spa\" \/>\n<meta property=\"og:description\" content=\"QU\u00c8 S\u00d3N LES COOKIES? Les cookies s\u00f3n petits arxius de dades que es reben en el terminal des del lloc web visitat i s&#8217;usen per registrar certes interaccions de la navegaci\u00f3 emmagatzemant dades que podran ser actualitzades i recuperades. Aquests arxius s&#8217;emmagatzemen a l&#8217;ordinador de...\" \/>\n<meta property=\"og:url\" content=\"https:\/\/lacanterarural.com\/ca\/cookies\/\" \/>\n<meta property=\"og:site_name\" content=\"La Cantera Rural Spa\" \/>\n<meta property=\"article:publisher\" content=\"https:\/\/www.facebook.com\/lacanteraruralspa\/?modal=admin_todo_tour\" \/>\n<meta property=\"article:modified_time\" content=\"2020-03-24T12:22:45+00:00\" \/>\n<meta name=\"twitter:card\" content=\"summary_large_image\" \/>\n<meta name=\"twitter:label1\" content=\"Temps estimat de lectura\" \/>\n\t<meta name=\"twitter:data1\" content=\"6 minuts\" \/>\n<script type=\"application\/ld+json\" class=\"yoast-schema-graph\">{\"@context\":\"https:\/\/schema.org\",\"@graph\":[{\"@type\":\"WebPage\",\"@id\":\"https:\/\/lacanterarural.com\/ca\/cookies\/\",\"url\":\"https:\/\/lacanterarural.com\/ca\/cookies\/\",\"name\":\"Pol\u00edtica de cookies - La Cantera Rural Spa\",\"isPartOf\":{\"@id\":\"https:\/\/lacanterarural.com\/ca\/#website\"},\"datePublished\":\"2020-03-21T17:00:02+00:00\",\"dateModified\":\"2020-03-24T12:22:45+00:00\",\"breadcrumb\":{\"@id\":\"https:\/\/lacanterarural.com\/ca\/cookies\/#breadcrumb\"},\"inLanguage\":\"ca\",\"potentialAction\":[{\"@type\":\"ReadAction\",\"target\":[\"https:\/\/lacanterarural.com\/ca\/cookies\/\"]}]},{\"@type\":\"BreadcrumbList\",\"@id\":\"https:\/\/lacanterarural.com\/ca\/cookies\/#breadcrumb\",\"itemListElement\":[{\"@type\":\"ListItem\",\"position\":1,\"name\":\"Portada\",\"item\":\"https:\/\/lacanterarural.com\/ca\/\"},{\"@type\":\"ListItem\",\"position\":2,\"name\":\"Pol\u00edtica de cookies\"}]},{\"@type\":\"WebSite\",\"@id\":\"https:\/\/lacanterarural.com\/ca\/#website\",\"url\":\"https:\/\/lacanterarural.com\/ca\/\",\"name\":\"La Cantera Rural\",\"description\":\"Un sitio para volver\",\"publisher\":{\"@id\":\"https:\/\/lacanterarural.com\/ca\/#organization\"},\"potentialAction\":[{\"@type\":\"SearchAction\",\"target\":{\"@type\":\"EntryPoint\",\"urlTemplate\":\"https:\/\/lacanterarural.com\/ca\/?s={search_term_string}\"},\"query-input\":\"required name=search_term_string\"}],\"inLanguage\":\"ca\"},{\"@type\":\"Organization\",\"@id\":\"https:\/\/lacanterarural.com\/ca\/#organization\",\"name\":\"La Cantera Rural\",\"url\":\"https:\/\/lacanterarural.com\/ca\/\",\"logo\":{\"@type\":\"ImageObject\",\"inLanguage\":\"ca\",\"@id\":\"https:\/\/lacanterarural.com\/ca\/#\/schema\/logo\/image\/\",\"url\":\"https:\/\/lacanterarural.com\/wp-content\/uploads\/2020\/04\/LA-CANTERA-perfil-xarxes-blanc.jpg\",\"contentUrl\":\"https:\/\/lacanterarural.com\/wp-content\/uploads\/2020\/04\/LA-CANTERA-perfil-xarxes-blanc.jpg\",\"width\":1182,\"height\":1182,\"caption\":\"La Cantera Rural\"},\"image\":{\"@id\":\"https:\/\/lacanterarural.com\/ca\/#\/schema\/logo\/image\/\"},\"sameAs\":[\"https:\/\/www.facebook.com\/lacanteraruralspa\/?modal=admin_todo_tour\",\"https:\/\/www.instagram.com\/chaletlacantera\/\",\"https:\/\/www.youtube.com\/watch?v=QWRaNGQ5LD4\"]}]}<\/script>\n<!-- \/ Yoast SEO plugin. -->","yoast_head_json":{"title":"Pol\u00edtica de cookies - La Cantera Rural Spa","robots":{"index":"index","follow":"follow","max-snippet":"max-snippet:-1","max-image-preview":"max-image-preview:large","max-video-preview":"max-video-preview:-1"},"canonical":"https:\/\/lacanterarural.com\/ca\/cookies\/","og_locale":"ca_ES","og_type":"article","og_title":"Pol\u00edtica de cookies - La Cantera Rural Spa","og_description":"QU\u00c8 S\u00d3N LES COOKIES? Les cookies s\u00f3n petits arxius de dades que es reben en el terminal des del lloc web visitat i s&#8217;usen per registrar certes interaccions de la navegaci\u00f3 emmagatzemant dades que podran ser actualitzades i recuperades. Aquests arxius s&#8217;emmagatzemen a l&#8217;ordinador de...","og_url":"https:\/\/lacanterarural.com\/ca\/cookies\/","og_site_name":"La Cantera Rural Spa","article_publisher":"https:\/\/www.facebook.com\/lacanteraruralspa\/?modal=admin_todo_tour","article_modified_time":"2020-03-24T12:22:45+00:00","twitter_card":"summary_large_image","twitter_misc":{"Temps estimat de lectura":"6 minuts"},"schema":{"@context":"https:\/\/schema.org","@graph":[{"@type":"WebPage","@id":"https:\/\/lacanterarural.com\/ca\/cookies\/","url":"https:\/\/lacanterarural.com\/ca\/cookies\/","name":"Pol\u00edtica de cookies - La Cantera Rural Spa","isPartOf":{"@id":"https:\/\/lacanterarural.com\/ca\/#website"},"datePublished":"2020-03-21T17:00:02+00:00","dateModified":"2020-03-24T12:22:45+00:00","breadcrumb":{"@id":"https:\/\/lacanterarural.com\/ca\/cookies\/#breadcrumb"},"inLanguage":"ca","potentialAction":[{"@type":"ReadAction","target":["https:\/\/lacanterarural.com\/ca\/cookies\/"]}]},{"@type":"BreadcrumbList","@id":"https:\/\/lacanterarural.com\/ca\/cookies\/#breadcrumb","itemListElement":[{"@type":"ListItem","position":1,"name":"Portada","item":"https:\/\/lacanterarural.com\/ca\/"},{"@type":"ListItem","position":2,"name":"Pol\u00edtica de cookies"}]},{"@type":"WebSite","@id":"https:\/\/lacanterarural.com\/ca\/#website","url":"https:\/\/lacanterarural.com\/ca\/","name":"La Cantera Rural","description":"Un sitio para volver","publisher":{"@id":"https:\/\/lacanterarural.com\/ca\/#organization"},"potentialAction":[{"@type":"SearchAction","target":{"@type":"EntryPoint","urlTemplate":"https:\/\/lacanterarural.com\/ca\/?s={search_term_string}"},"query-input":"required name=search_term_string"}],"inLanguage":"ca"},{"@type":"Organization","@id":"https:\/\/lacanterarural.com\/ca\/#organization","name":"La Cantera Rural","url":"https:\/\/lacanterarural.com\/ca\/","logo":{"@type":"ImageObject","inLanguage":"ca","@id":"https:\/\/lacanterarural.com\/ca\/#\/schema\/logo\/image\/","url":"https:\/\/lacanterarural.com\/wp-content\/uploads\/2020\/04\/LA-CANTERA-perfil-xarxes-blanc.jpg","contentUrl":"https:\/\/lacanterarural.com\/wp-content\/uploads\/2020\/04\/LA-CANTERA-perfil-xarxes-blanc.jpg","width":1182,"height":1182,"caption":"La Cantera Rural"},"image":{"@id":"https:\/\/lacanterarural.com\/ca\/#\/schema\/logo\/image\/"},"sameAs":["https:\/\/www.facebook.com\/lacanteraruralspa\/?modal=admin_todo_tour","https:\/\/www.instagram.com\/chaletlacantera\/","https:\/\/www.youtube.com\/watch?v=QWRaNGQ5LD4"]}]}},"_links":{"self":[{"href":"https:\/\/lacanterarural.com\/ca\/wp-json\/wp\/v2\/pages\/18207"}],"collection":[{"href":"https:\/\/lacanterarural.com\/ca\/wp-json\/wp\/v2\/pages"}],"about":[{"href":"https:\/\/lacanterarural.com\/ca\/wp-json\/wp\/v2\/types\/page"}],"author":[{"embeddable":true,"href":"https:\/\/lacanterarural.com\/ca\/wp-json\/wp\/v2\/users\/2"}],"replies":[{"embeddable":true,"href":"https:\/\/lacanterarural.com\/ca\/wp-json\/wp\/v2\/comments?post=18207"}],"version-history":[{"count":3,"href":"https:\/\/lacanterarural.com\/ca\/wp-json\/wp\/v2\/pages\/18207\/revisions"}],"predecessor-version":[{"id":18310,"href":"https:\/\/lacanterarural.com\/ca\/wp-json\/wp\/v2\/pages\/18207\/revisions\/18310"}],"wp:attachment":[{"href":"https:\/\/lacanterarural.com\/ca\/wp-json\/wp\/v2\/media?parent=18207"}],"curies":[{"name":"wp","href":"https:\/\/api.w.org\/{rel}","templated":true}]}}